{"id":258,"date":"2020-11-20T23:55:53","date_gmt":"2020-11-20T23:55:53","guid":{"rendered":"https:\/\/nsrfatima.archimadrid.es\/?page_id=258"},"modified":"2024-11-26T12:06:05","modified_gmt":"2024-11-26T12:06:05","slug":"caritas-parroquial","status":"publish","type":"page","link":"https:\/\/nsrfatima.archimadrid.es\/?page_id=258","title":{"rendered":"C\u00e1ritas parroquial"},"content":{"rendered":"<p>[et_pb_section fb_built=\u00bb1&#8243; _builder_version=\u00bb4.27.3&#8243; _module_preset=\u00bbdefault\u00bb global_colors_info=\u00bb{}\u00bb][et_pb_row column_structure=\u00bb2_5,3_5&#8243; _builder_version=\u00bb4.27.3&#8243; _module_preset=\u00bbdefault\u00bb global_colors_info=\u00bb{}\u00bb][et_pb_column type=\u00bb2_5&#8243; _builder_version=\u00bb4.27.3&#8243; _module_preset=\u00bbdefault\u00bb global_colors_info=\u00bb{}\u00bb][et_pb_text _builder_version=\u00bb4.27.3&#8243; _module_preset=\u00bbdefault\u00bb animation_style=\u00bbbounce\u00bb animation_direction=\u00bbleft\u00bb global_colors_info=\u00bb{}\u00bb]<\/p>\n<p><img decoding=\"async\" src=\"https:\/\/static.wixstatic.com\/media\/078cd0_f92b56e43a7340568b6e019c6c41632c~mv2.jpg\/v1\/fill\/w_520,h_312,al_c,lg_1,q_80,usm_2.00_1.00_0.00\/078cd0_f92b56e43a7340568b6e019c6c41632c~mv2.webp\" style=\"display: block; margin-left: auto; margin-right: auto;\" \/><\/p>\n<p>[\/et_pb_text][\/et_pb_column][et_pb_column type=\u00bb3_5&#8243; _builder_version=\u00bb4.27.3&#8243; _module_preset=\u00bbdefault\u00bb global_colors_info=\u00bb{}\u00bb][et_pb_text _builder_version=\u00bb4.27.3&#8243; _module_preset=\u00bbdefault\u00bb background_color=\u00bb#dea47e\u00bb custom_padding=\u00bb41px||5px|||\u00bb animation_style=\u00bbbounce\u00bb animation_direction=\u00bbright\u00bb hover_enabled=\u00bb0&#8243; border_radii=\u00bbon|50px|50px|50px|50px\u00bb global_colors_info=\u00bb{}\u00bb sticky_enabled=\u00bb0&#8243;]<\/p>\n<h1 style=\"text-align: center;\"><span style=\"color: #000000;\">Horarios<\/span><\/h1>\n<p style=\"text-align: center;\"><span style=\"color: #000000;\"><strong>Todos los Mi\u00e9rcoles<\/strong><\/span><\/p>\n<p style=\"text-align: center;\"><span style=\"color: #000000;\"><strong>Ma\u00f1anas<\/strong> &#8211; 10:00 a 12:30<\/span><\/p>\n<p style=\"text-align: center;\"><span style=\"color: #000000;\"><strong>Tardes<\/strong> &#8211; 17:30 a 19:00<\/span><\/p>\n<p><span style=\"color: #000000;\">\u00a0<\/span><\/p>\n<p>[\/et_pb_text][\/et_pb_column][\/et_pb_row][\/et_pb_section]<\/p>\n","protected":false},"excerpt":{"rendered":"<p>Horarios Todos los Mi\u00e9rcoles Ma\u00f1anas &#8211; 10:00 a 12:30 Tardes &#8211; 17:30 a 19:00 \u00a0<\/p>\n","protected":false},"author":1,"featured_media":0,"parent":0,"menu_order":0,"comment_status":"closed","ping_status":"closed","template":"","meta":{"_et_pb_use_builder":"on","_et_pb_old_content":"<!-- wp:html -->\n<div class=\" animated zoomInLeft duration3 eds-on-scroll columna_izquierda\">\n<div style=\"background-color: #CFBDA0;\" class=\"cuadro\">\n<h3>Horarios<\/h3>\n<p style=\"text-align:center;\">Todos los Mi\u00e9rcoles <br>\n<strong>Ma\u00f1anas<\/strong> 10:00 a 12:30<br>\n<strong>Tardes<\/strong> 17:30 a 19:00<\/p>\n<\/div>\n<\/div>\n<div class=\"columna_derecha  animated zoomInRight duration3 eds-on-scroll \">\n<img src=\"https:\/\/static.wixstatic.com\/media\/078cd0_f92b56e43a7340568b6e019c6c41632c~mv2.jpg\/v1\/fill\/w_520,h_312,al_c,lg_1,q_80,usm_2.00_1.00_0.00\/078cd0_f92b56e43a7340568b6e019c6c41632c~mv2.webp\">\n<\/div>\n<!-- \/wp:html -->","_et_gb_content_width":"","footnotes":""},"class_list":["post-258","page","type-page","status-publish","hentry"],"yoast_head":"<!-- This site is optimized with the Yoast SEO plugin v27.4 - https:\/\/yoast.com\/product\/yoast-seo-wordpress\/ -->\n<title>C\u00e1ritas parroquial - Parroquia Nuestra Se\u00f1ora del Rosario de F\u00e1tima<\/title>\n<meta name=\"robots\" content=\"index, follow, max-snippet:-1, max-image-preview:large, max-video-preview:-1\" \/>\n<link rel=\"canonical\" href=\"https:\/\/nsrfatima.archimadrid.es\/?page_id=258\" \/>\n<meta property=\"og:locale\" content=\"es_ES\" \/>\n<meta property=\"og:type\" content=\"article\" \/>\n<meta property=\"og:title\" content=\"C\u00e1ritas parroquial - Parroquia Nuestra Se\u00f1ora del Rosario de F\u00e1tima\" \/>\n<meta property=\"og:description\" content=\"Horarios Todos los Mi\u00e9rcoles Ma\u00f1anas - 10:00 a 12:30 Tardes - 17:30 a 19:00 \u00a0\" \/>\n<meta property=\"og:url\" content=\"https:\/\/nsrfatima.archimadrid.es\/?page_id=258\" \/>\n<meta property=\"og:site_name\" content=\"Parroquia Nuestra Se\u00f1ora del Rosario de F\u00e1tima\" \/>\n<meta property=\"article:modified_time\" content=\"2024-11-26T12:06:05+00:00\" \/>\n<meta property=\"og:image\" content=\"https:\/\/static.wixstatic.com\/media\/078cd0_f92b56e43a7340568b6e019c6c41632c~mv2.jpg\/v1\/fill\/w_520,h_312,al_c,lg_1,q_80,usm_2.00_1.00_0.00\/078cd0_f92b56e43a7340568b6e019c6c41632c~mv2.webp\" \/>\n<meta name=\"twitter:card\" content=\"summary_large_image\" \/>\n<meta name=\"twitter:label1\" content=\"Tiempo de lectura\" \/>\n\t<meta name=\"twitter:data1\" content=\"1 minuto\" \/>\n<script type=\"application\/ld+json\" class=\"yoast-schema-graph\">{\"@context\":\"https:\\\/\\\/schema.org\",\"@graph\":[{\"@type\":\"WebPage\",\"@id\":\"https:\\\/\\\/nsrfatima.archimadrid.es\\\/?page_id=258\",\"url\":\"https:\\\/\\\/nsrfatima.archimadrid.es\\\/?page_id=258\",\"name\":\"C\u00e1ritas parroquial - Parroquia Nuestra Se\u00f1ora del Rosario de F\u00e1tima\",\"isPartOf\":{\"@id\":\"https:\\\/\\\/nsrfatima.archimadrid.es\\\/#website\"},\"primaryImageOfPage\":{\"@id\":\"https:\\\/\\\/nsrfatima.archimadrid.es\\\/?page_id=258#primaryimage\"},\"image\":{\"@id\":\"https:\\\/\\\/nsrfatima.archimadrid.es\\\/?page_id=258#primaryimage\"},\"thumbnailUrl\":\"https:\\\/\\\/static.wixstatic.com\\\/media\\\/078cd0_f92b56e43a7340568b6e019c6c41632c~mv2.jpg\\\/v1\\\/fill\\\/w_520,h_312,al_c,lg_1,q_80,usm_2.00_1.00_0.00\\\/078cd0_f92b56e43a7340568b6e019c6c41632c~mv2.webp\",\"datePublished\":\"2020-11-20T23:55:53+00:00\",\"dateModified\":\"2024-11-26T12:06:05+00:00\",\"breadcrumb\":{\"@id\":\"https:\\\/\\\/nsrfatima.archimadrid.es\\\/?page_id=258#breadcrumb\"},\"inLanguage\":\"es\",\"potentialAction\":[{\"@type\":\"ReadAction\",\"target\":[\"https:\\\/\\\/nsrfatima.archimadrid.es\\\/?page_id=258\"]}]},{\"@type\":\"ImageObject\",\"inLanguage\":\"es\",\"@id\":\"https:\\\/\\\/nsrfatima.archimadrid.es\\\/?page_id=258#primaryimage\",\"url\":\"https:\\\/\\\/static.wixstatic.com\\\/media\\\/078cd0_f92b56e43a7340568b6e019c6c41632c~mv2.jpg\\\/v1\\\/fill\\\/w_520,h_312,al_c,lg_1,q_80,usm_2.00_1.00_0.00\\\/078cd0_f92b56e43a7340568b6e019c6c41632c~mv2.webp\",\"contentUrl\":\"https:\\\/\\\/static.wixstatic.com\\\/media\\\/078cd0_f92b56e43a7340568b6e019c6c41632c~mv2.jpg\\\/v1\\\/fill\\\/w_520,h_312,al_c,lg_1,q_80,usm_2.00_1.00_0.00\\\/078cd0_f92b56e43a7340568b6e019c6c41632c~mv2.webp\"},{\"@type\":\"BreadcrumbList\",\"@id\":\"https:\\\/\\\/nsrfatima.archimadrid.es\\\/?page_id=258#breadcrumb\",\"itemListElement\":[{\"@type\":\"ListItem\",\"position\":1,\"name\":\"Portada\",\"item\":\"https:\\\/\\\/nsrfatima.archimadrid.es\\\/\"},{\"@type\":\"ListItem\",\"position\":2,\"name\":\"C\u00e1ritas parroquial\"}]},{\"@type\":\"WebSite\",\"@id\":\"https:\\\/\\\/nsrfatima.archimadrid.es\\\/#website\",\"url\":\"https:\\\/\\\/nsrfatima.archimadrid.es\\\/\",\"name\":\"Parroquia Nuestra Se\u00f1ora del Rosario de F\u00e1tima\",\"description\":\"Web de la parroquia de Nuestra Se\u00f1ora del Rosario de F\u00e1tima\",\"potentialAction\":[{\"@type\":\"SearchAction\",\"target\":{\"@type\":\"EntryPoint\",\"urlTemplate\":\"https:\\\/\\\/nsrfatima.archimadrid.es\\\/?s={search_term_string}\"},\"query-input\":{\"@type\":\"PropertyValueSpecification\",\"valueRequired\":true,\"valueName\":\"search_term_string\"}}],\"inLanguage\":\"es\"}]}<\/script>\n<!-- \/ Yoast SEO plugin. -->","yoast_head_json":{"title":"C\u00e1ritas parroquial - Parroquia Nuestra Se\u00f1ora del Rosario de F\u00e1tima","robots":{"index":"index","follow":"follow","max-snippet":"max-snippet:-1","max-image-preview":"max-image-preview:large","max-video-preview":"max-video-preview:-1"},"canonical":"https:\/\/nsrfatima.archimadrid.es\/?page_id=258","og_locale":"es_ES","og_type":"article","og_title":"C\u00e1ritas parroquial - Parroquia Nuestra Se\u00f1ora del Rosario de F\u00e1tima","og_description":"Horarios Todos los Mi\u00e9rcoles Ma\u00f1anas - 10:00 a 12:30 Tardes - 17:30 a 19:00 \u00a0","og_url":"https:\/\/nsrfatima.archimadrid.es\/?page_id=258","og_site_name":"Parroquia Nuestra Se\u00f1ora del Rosario de F\u00e1tima","article_modified_time":"2024-11-26T12:06:05+00:00","og_image":[{"url":"https:\/\/static.wixstatic.com\/media\/078cd0_f92b56e43a7340568b6e019c6c41632c~mv2.jpg\/v1\/fill\/w_520,h_312,al_c,lg_1,q_80,usm_2.00_1.00_0.00\/078cd0_f92b56e43a7340568b6e019c6c41632c~mv2.webp","type":"","width":"","height":""}],"twitter_card":"summary_large_image","twitter_misc":{"Tiempo de lectura":"1 minuto"},"schema":{"@context":"https:\/\/schema.org","@graph":[{"@type":"WebPage","@id":"https:\/\/nsrfatima.archimadrid.es\/?page_id=258","url":"https:\/\/nsrfatima.archimadrid.es\/?page_id=258","name":"C\u00e1ritas parroquial - Parroquia Nuestra Se\u00f1ora del Rosario de F\u00e1tima","isPartOf":{"@id":"https:\/\/nsrfatima.archimadrid.es\/#website"},"primaryImageOfPage":{"@id":"https:\/\/nsrfatima.archimadrid.es\/?page_id=258#primaryimage"},"image":{"@id":"https:\/\/nsrfatima.archimadrid.es\/?page_id=258#primaryimage"},"thumbnailUrl":"https:\/\/static.wixstatic.com\/media\/078cd0_f92b56e43a7340568b6e019c6c41632c~mv2.jpg\/v1\/fill\/w_520,h_312,al_c,lg_1,q_80,usm_2.00_1.00_0.00\/078cd0_f92b56e43a7340568b6e019c6c41632c~mv2.webp","datePublished":"2020-11-20T23:55:53+00:00","dateModified":"2024-11-26T12:06:05+00:00","breadcrumb":{"@id":"https:\/\/nsrfatima.archimadrid.es\/?page_id=258#breadcrumb"},"inLanguage":"es","potentialAction":[{"@type":"ReadAction","target":["https:\/\/nsrfatima.archimadrid.es\/?page_id=258"]}]},{"@type":"ImageObject","inLanguage":"es","@id":"https:\/\/nsrfatima.archimadrid.es\/?page_id=258#primaryimage","url":"https:\/\/static.wixstatic.com\/media\/078cd0_f92b56e43a7340568b6e019c6c41632c~mv2.jpg\/v1\/fill\/w_520,h_312,al_c,lg_1,q_80,usm_2.00_1.00_0.00\/078cd0_f92b56e43a7340568b6e019c6c41632c~mv2.webp","contentUrl":"https:\/\/static.wixstatic.com\/media\/078cd0_f92b56e43a7340568b6e019c6c41632c~mv2.jpg\/v1\/fill\/w_520,h_312,al_c,lg_1,q_80,usm_2.00_1.00_0.00\/078cd0_f92b56e43a7340568b6e019c6c41632c~mv2.webp"},{"@type":"BreadcrumbList","@id":"https:\/\/nsrfatima.archimadrid.es\/?page_id=258#breadcrumb","itemListElement":[{"@type":"ListItem","position":1,"name":"Portada","item":"https:\/\/nsrfatima.archimadrid.es\/"},{"@type":"ListItem","position":2,"name":"C\u00e1ritas parroquial"}]},{"@type":"WebSite","@id":"https:\/\/nsrfatima.archimadrid.es\/#website","url":"https:\/\/nsrfatima.archimadrid.es\/","name":"Parroquia Nuestra Se\u00f1ora del Rosario de F\u00e1tima","description":"Web de la parroquia de Nuestra Se\u00f1ora del Rosario de F\u00e1tima","potentialAction":[{"@type":"SearchAction","target":{"@type":"EntryPoint","urlTemplate":"https:\/\/nsrfatima.archimadrid.es\/?s={search_term_string}"},"query-input":{"@type":"PropertyValueSpecification","valueRequired":true,"valueName":"search_term_string"}}],"inLanguage":"es"}]}},"_links":{"self":[{"href":"https:\/\/nsrfatima.archimadrid.es\/index.php?rest_route=\/wp\/v2\/pages\/258","targetHints":{"allow":["GET"]}}],"collection":[{"href":"https:\/\/nsrfatima.archimadrid.es\/index.php?rest_route=\/wp\/v2\/pages"}],"about":[{"href":"https:\/\/nsrfatima.archimadrid.es\/index.php?rest_route=\/wp\/v2\/types\/page"}],"author":[{"embeddable":true,"href":"https:\/\/nsrfatima.archimadrid.es\/index.php?rest_route=\/wp\/v2\/users\/1"}],"replies":[{"embeddable":true,"href":"https:\/\/nsrfatima.archimadrid.es\/index.php?rest_route=%2Fwp%2Fv2%2Fcomments&post=258"}],"version-history":[{"count":31,"href":"https:\/\/nsrfatima.archimadrid.es\/index.php?rest_route=\/wp\/v2\/pages\/258\/revisions"}],"predecessor-version":[{"id":5227,"href":"https:\/\/nsrfatima.archimadrid.es\/index.php?rest_route=\/wp\/v2\/pages\/258\/revisions\/5227"}],"wp:attachment":[{"href":"https:\/\/nsrfatima.archimadrid.es\/index.php?rest_route=%2Fwp%2Fv2%2Fmedia&parent=258"}],"curies":[{"name":"wp","href":"https:\/\/api.w.org\/{rel}","templated":true}]}}