{"id":406,"date":"2020-11-21T18:20:23","date_gmt":"2020-11-21T18:20:23","guid":{"rendered":"https:\/\/nsrfatima.archimadrid.es\/?page_id=406"},"modified":"2024-11-22T10:54:54","modified_gmt":"2024-11-22T10:54:54","slug":"catequesis-de-iniciacion-cristiana","status":"publish","type":"page","link":"https:\/\/nsrfatima.archimadrid.es\/?page_id=406","title":{"rendered":"Catequesis de Iniciaci\u00f3n cristiana"},"content":{"rendered":"<p>[et_pb_section fb_built=\u00bb1&#8243; _builder_version=\u00bb4.27.3&#8243; _module_preset=\u00bbdefault\u00bb global_colors_info=\u00bb{}\u00bb][et_pb_row column_structure=\u00bb1_3,1_3,1_3&#8243; _builder_version=\u00bb4.27.3&#8243; _module_preset=\u00bbdefault\u00bb global_colors_info=\u00bb{}\u00bb][et_pb_column type=\u00bb1_3&#8243; _builder_version=\u00bb4.27.3&#8243; _module_preset=\u00bbdefault\u00bb global_colors_info=\u00bb{}\u00bb][et_pb_text _builder_version=\u00bb4.27.3&#8243; _module_preset=\u00bbdefault\u00bb hover_enabled=\u00bb0&#8243; global_colors_info=\u00bb{}\u00bb sticky_enabled=\u00bb0&#8243;]<\/p>\n<h3 style=\"text-align: justify;\"><span style=\"color: #000000;\"><strong>Catequesis de preparaci\u00f3n a la Primera Comuni\u00f3n<\/strong><\/span><\/h3>\n<p style=\"text-align: justify;\"><span style=\"color: #000000;\">Tres cursos de preparaci\u00f3n que se imparten en dos d\u00edas diferentes de la semana, para facilitar el acceso a aquellos padres cuyos trabajos no les permiten traer a los ni\u00f1os entre semana. As\u00ed, tenemos:<\/span><\/p>\n<p style=\"text-align: justify;\"><span style=\"color: #000000;\"><strong>Grupo 1<\/strong>: Mi\u00e9rcoles de 17:30 a 19:00 hrs.<\/span><\/p>\n<p style=\"text-align: justify;\"><span style=\"color: #000000;\"><strong>Grupo 2:<\/strong> S\u00e1bados de 11:00 a 12:30 hrs.<\/span><\/p>\n<p style=\"text-align: justify;\"><span style=\"color: #000000;\">Cada grupo, a su vez, est\u00e1 dividido en tres subgrupos,<\/span><br \/><span style=\"color: #000000;\">seg\u00fan el curso en el que se encuentren los j\u00f3venes (1\u00ba, 2\u00ba o 3\u00ba).<\/span><\/p>\n<p>[\/et_pb_text][\/et_pb_column][et_pb_column type=\u00bb1_3&#8243; _builder_version=\u00bb4.27.3&#8243; _module_preset=\u00bbdefault\u00bb global_colors_info=\u00bb{}\u00bb][et_pb_text _builder_version=\u00bb4.27.3&#8243; _module_preset=\u00bbdefault\u00bb hover_enabled=\u00bb0&#8243; global_colors_info=\u00bb{}\u00bb sticky_enabled=\u00bb0&#8243;]<\/p>\n<h3 style=\"text-align: justify;\"><span style=\"color: #000000;\"><strong>Catequesis de preparaci\u00f3n a la Confirmaci\u00f3n<\/strong><\/span><\/h3>\n<p style=\"text-align: justify;\"><span style=\"color: #000000;\">Son tambi\u00e9n tres cursos de preparaci\u00f3n,<\/span><br \/><span style=\"color: #000000;\">que se llevan a cabo por medio de reuniones semanales, todos los viernes, de 18:30 a 19:30.<\/span><\/p>\n<p style=\"text-align: justify;\"><span style=\"color: #000000;\"><strong><\/strong><\/span><\/p>\n<p>[\/et_pb_text][\/et_pb_column][et_pb_column type=\u00bb1_3&#8243; _builder_version=\u00bb4.27.3&#8243; _module_preset=\u00bbdefault\u00bb global_colors_info=\u00bb{}\u00bb][et_pb_text _builder_version=\u00bb4.27.3&#8243; _module_preset=\u00bbdefault\u00bb hover_enabled=\u00bb0&#8243; global_colors_info=\u00bb{}\u00bb sticky_enabled=\u00bb0&#8243;]<\/p>\n<h3><span style=\"color: #000000;\"><strong>Oratorio de Ni\u00f1os<\/strong><\/span><\/h3>\n<p style=\"text-align: justify;\"><span style=\"color: #000000;\">Para todos aquellos padres que deseen que sus hijos puedan profundizar en el encuentro personal con Jesucristo. Est\u00e1 orientado, principalmente, a aquellos ni\u00f1os que han realizado la Primera Comuni\u00f3n y a\u00fan no tienen edad suficiente para recibir la Confirmaci\u00f3n.<\/span><\/p>\n<p><span style=\"color: #000000;\">Las reuniones son los mi\u00e9rcoles de 18:00 a 19:00.<\/span><\/p>\n<p><span style=\"color: #000000;\">\u00a0<\/span><\/p>\n<p>[\/et_pb_text][\/et_pb_column][\/et_pb_row][\/et_pb_section]<\/p>\n","protected":false},"excerpt":{"rendered":"<p>Catequesis de preparaci\u00f3n a la Primera Comuni\u00f3n Tres cursos de preparaci\u00f3n que se imparten en dos d\u00edas diferentes de la semana, para facilitar el acceso a aquellos padres cuyos trabajos no les permiten traer a los ni\u00f1os entre semana. As\u00ed, tenemos: Grupo 1: Mi\u00e9rcoles de 17:30 a 19:00 hrs. Grupo 2: S\u00e1bados de 11:00 a [&hellip;]<\/p>\n","protected":false},"author":3,"featured_media":0,"parent":0,"menu_order":0,"comment_status":"closed","ping_status":"closed","template":"","meta":{"_et_pb_use_builder":"on","_et_pb_old_content":"<!-- wp:html -->\n<div style=\"background-color:#eff2c0;\" class=\"animated slideInLeft duration1 eds-on-scroll cuadro\"><h3 class=\"has-medium-font-size\"><strong>Catequesis de preparaci\u00f3n a la <span style=\"text-decoration: underline;\">Primera Comuni\u00f3n<\/span><\/strong><\/h3>\n<!-- \/wp:html -->\n\n<!-- wp:paragraph -->\n<p>Tres cursos de preparaci\u00f3n que se imparten en dos d\u00edas diferentes de la semana, para facilitar el acceso a aquellos padres cuyos trabajos no les permiten traer a los ni\u00f1os entre semana. As\u00ed, tenemos:<\/p>\n<!-- \/wp:paragraph -->\n\n<!-- wp:paragraph -->\n<p><strong>Grupo 1:<\/strong> <span style=\"text-decoration: underline;\">Mi\u00e9rcoles de 17:30 a 19:00 hrs.<\/span><\/p>\n<!-- \/wp:paragraph -->\n\n<!-- wp:paragraph -->\n<p><strong>Grupo 2:<\/strong> <span style=\"text-decoration: underline;\">S\u00e1bados de 11:00 a 12:30 hrs.<\/span><\/p>\n<!-- \/wp:paragraph -->\n\n<!-- wp:html -->\n<p>Cada grupo, a su vez, est\u00e1 dividido en tres subgrupos, <br>seg\u00fan el curso en el que se encuentren los j\u00f3venes (1\u00ba, 2\u00ba o 3\u00ba).<\/p><\/div>\n<!-- \/wp:html -->\n\n<!-- wp:html -->\n<div style=\"background-color:#eff2c0;\" class=\"animated slideInRight duration1 eds-on-scroll cuadro\"><p class=\"has-medium-font-size\"><strong><h3>Catequesis de preparaci\u00f3n a la <span style=\"text-decoration: underline;\">Confirmaci\u00f3n<\/h3><\/span><\/strong><\/p>\n<!-- \/wp:html -->\n\n<!-- wp:html -->\n<p>Son tambi\u00e9n tres cursos de preparaci\u00f3n, <br>que se llevan a cabo por medio de reuniones semanales, todos los <span style=\"text-decoration: underline;\">viernes, de 18:30 a 19:30<\/span>.<\/p><\/div>\n<!-- \/wp:html -->\n\n<!-- wp:html -->\n<div style=\"background-color:#eff2c0;\" class=\"animated slideInUp duration1 eds-on-scroll cuadro\"><p class=\"has-medium-font-size\"><strong><h3><span style=\"text-decoration: underline;\">Oratorio<\/span> de Ni\u00f1os<\/h3><\/strong><\/p>\n<!-- \/wp:html -->\n\n<!-- wp:paragraph -->\n<p>Para todos aquellos padres que deseen que sus hijos puedan profundizar en el encuentro personal con Jesucristo. Est\u00e1 orientado, principalmente, a aquellos ni\u00f1os que han realizado la Primera Comuni\u00f3n y a\u00fan no tienen edad suficiente para recibir la Confirmaci\u00f3n.<\/p>\n<!-- \/wp:paragraph -->\n\n<!-- wp:html -->\n<p>Las reuniones son los <span style=\"text-decoration: underline;\">mi\u00e9rcoles de 18:00 a 19:00<\/span>.<\/p><\/div>\n<!-- \/wp:html -->","_et_gb_content_width":"","footnotes":""},"class_list":["post-406","page","type-page","status-publish","hentry"],"yoast_head":"<!-- This site is optimized with the Yoast SEO plugin v27.4 - https:\/\/yoast.com\/product\/yoast-seo-wordpress\/ -->\n<title>Catequesis de Iniciaci\u00f3n cristiana - Parroquia Nuestra Se\u00f1ora del Rosario de F\u00e1tima<\/title>\n<meta name=\"robots\" content=\"index, follow, max-snippet:-1, max-image-preview:large, max-video-preview:-1\" \/>\n<link rel=\"canonical\" href=\"https:\/\/nsrfatima.archimadrid.es\/?page_id=406\" \/>\n<meta property=\"og:locale\" content=\"es_ES\" \/>\n<meta property=\"og:type\" content=\"article\" \/>\n<meta property=\"og:title\" content=\"Catequesis de Iniciaci\u00f3n cristiana - Parroquia Nuestra Se\u00f1ora del Rosario de F\u00e1tima\" \/>\n<meta property=\"og:description\" content=\"Catequesis de preparaci\u00f3n a la Primera Comuni\u00f3n Tres cursos de preparaci\u00f3n que se imparten en dos d\u00edas diferentes de la semana, para facilitar el acceso a aquellos padres cuyos trabajos no les permiten traer a los ni\u00f1os entre semana. As\u00ed, tenemos: Grupo 1: Mi\u00e9rcoles de 17:30 a 19:00 hrs. Grupo 2: S\u00e1bados de 11:00 a [&hellip;]\" \/>\n<meta property=\"og:url\" content=\"https:\/\/nsrfatima.archimadrid.es\/?page_id=406\" \/>\n<meta property=\"og:site_name\" content=\"Parroquia Nuestra Se\u00f1ora del Rosario de F\u00e1tima\" \/>\n<meta property=\"article:modified_time\" content=\"2024-11-22T10:54:54+00:00\" \/>\n<meta name=\"twitter:card\" content=\"summary_large_image\" \/>\n<meta name=\"twitter:label1\" content=\"Tiempo de lectura\" \/>\n\t<meta name=\"twitter:data1\" content=\"1 minuto\" \/>\n<script type=\"application\/ld+json\" class=\"yoast-schema-graph\">{\"@context\":\"https:\\\/\\\/schema.org\",\"@graph\":[{\"@type\":\"WebPage\",\"@id\":\"https:\\\/\\\/nsrfatima.archimadrid.es\\\/?page_id=406\",\"url\":\"https:\\\/\\\/nsrfatima.archimadrid.es\\\/?page_id=406\",\"name\":\"Catequesis de Iniciaci\u00f3n cristiana - Parroquia Nuestra Se\u00f1ora del Rosario de F\u00e1tima\",\"isPartOf\":{\"@id\":\"https:\\\/\\\/nsrfatima.archimadrid.es\\\/#website\"},\"datePublished\":\"2020-11-21T18:20:23+00:00\",\"dateModified\":\"2024-11-22T10:54:54+00:00\",\"breadcrumb\":{\"@id\":\"https:\\\/\\\/nsrfatima.archimadrid.es\\\/?page_id=406#breadcrumb\"},\"inLanguage\":\"es\",\"potentialAction\":[{\"@type\":\"ReadAction\",\"target\":[\"https:\\\/\\\/nsrfatima.archimadrid.es\\\/?page_id=406\"]}]},{\"@type\":\"BreadcrumbList\",\"@id\":\"https:\\\/\\\/nsrfatima.archimadrid.es\\\/?page_id=406#breadcrumb\",\"itemListElement\":[{\"@type\":\"ListItem\",\"position\":1,\"name\":\"Portada\",\"item\":\"https:\\\/\\\/nsrfatima.archimadrid.es\\\/\"},{\"@type\":\"ListItem\",\"position\":2,\"name\":\"Catequesis de Iniciaci\u00f3n cristiana\"}]},{\"@type\":\"WebSite\",\"@id\":\"https:\\\/\\\/nsrfatima.archimadrid.es\\\/#website\",\"url\":\"https:\\\/\\\/nsrfatima.archimadrid.es\\\/\",\"name\":\"Parroquia Nuestra Se\u00f1ora del Rosario de F\u00e1tima\",\"description\":\"Web de la parroquia de Nuestra Se\u00f1ora del Rosario de F\u00e1tima\",\"potentialAction\":[{\"@type\":\"SearchAction\",\"target\":{\"@type\":\"EntryPoint\",\"urlTemplate\":\"https:\\\/\\\/nsrfatima.archimadrid.es\\\/?s={search_term_string}\"},\"query-input\":{\"@type\":\"PropertyValueSpecification\",\"valueRequired\":true,\"valueName\":\"search_term_string\"}}],\"inLanguage\":\"es\"}]}<\/script>\n<!-- \/ Yoast SEO plugin. -->","yoast_head_json":{"title":"Catequesis de Iniciaci\u00f3n cristiana - Parroquia Nuestra Se\u00f1ora del Rosario de F\u00e1tima","robots":{"index":"index","follow":"follow","max-snippet":"max-snippet:-1","max-image-preview":"max-image-preview:large","max-video-preview":"max-video-preview:-1"},"canonical":"https:\/\/nsrfatima.archimadrid.es\/?page_id=406","og_locale":"es_ES","og_type":"article","og_title":"Catequesis de Iniciaci\u00f3n cristiana - Parroquia Nuestra Se\u00f1ora del Rosario de F\u00e1tima","og_description":"Catequesis de preparaci\u00f3n a la Primera Comuni\u00f3n Tres cursos de preparaci\u00f3n que se imparten en dos d\u00edas diferentes de la semana, para facilitar el acceso a aquellos padres cuyos trabajos no les permiten traer a los ni\u00f1os entre semana. As\u00ed, tenemos: Grupo 1: Mi\u00e9rcoles de 17:30 a 19:00 hrs. Grupo 2: S\u00e1bados de 11:00 a [&hellip;]","og_url":"https:\/\/nsrfatima.archimadrid.es\/?page_id=406","og_site_name":"Parroquia Nuestra Se\u00f1ora del Rosario de F\u00e1tima","article_modified_time":"2024-11-22T10:54:54+00:00","twitter_card":"summary_large_image","twitter_misc":{"Tiempo de lectura":"1 minuto"},"schema":{"@context":"https:\/\/schema.org","@graph":[{"@type":"WebPage","@id":"https:\/\/nsrfatima.archimadrid.es\/?page_id=406","url":"https:\/\/nsrfatima.archimadrid.es\/?page_id=406","name":"Catequesis de Iniciaci\u00f3n cristiana - Parroquia Nuestra Se\u00f1ora del Rosario de F\u00e1tima","isPartOf":{"@id":"https:\/\/nsrfatima.archimadrid.es\/#website"},"datePublished":"2020-11-21T18:20:23+00:00","dateModified":"2024-11-22T10:54:54+00:00","breadcrumb":{"@id":"https:\/\/nsrfatima.archimadrid.es\/?page_id=406#breadcrumb"},"inLanguage":"es","potentialAction":[{"@type":"ReadAction","target":["https:\/\/nsrfatima.archimadrid.es\/?page_id=406"]}]},{"@type":"BreadcrumbList","@id":"https:\/\/nsrfatima.archimadrid.es\/?page_id=406#breadcrumb","itemListElement":[{"@type":"ListItem","position":1,"name":"Portada","item":"https:\/\/nsrfatima.archimadrid.es\/"},{"@type":"ListItem","position":2,"name":"Catequesis de Iniciaci\u00f3n cristiana"}]},{"@type":"WebSite","@id":"https:\/\/nsrfatima.archimadrid.es\/#website","url":"https:\/\/nsrfatima.archimadrid.es\/","name":"Parroquia Nuestra Se\u00f1ora del Rosario de F\u00e1tima","description":"Web de la parroquia de Nuestra Se\u00f1ora del Rosario de F\u00e1tima","potentialAction":[{"@type":"SearchAction","target":{"@type":"EntryPoint","urlTemplate":"https:\/\/nsrfatima.archimadrid.es\/?s={search_term_string}"},"query-input":{"@type":"PropertyValueSpecification","valueRequired":true,"valueName":"search_term_string"}}],"inLanguage":"es"}]}},"_links":{"self":[{"href":"https:\/\/nsrfatima.archimadrid.es\/index.php?rest_route=\/wp\/v2\/pages\/406","targetHints":{"allow":["GET"]}}],"collection":[{"href":"https:\/\/nsrfatima.archimadrid.es\/index.php?rest_route=\/wp\/v2\/pages"}],"about":[{"href":"https:\/\/nsrfatima.archimadrid.es\/index.php?rest_route=\/wp\/v2\/types\/page"}],"author":[{"embeddable":true,"href":"https:\/\/nsrfatima.archimadrid.es\/index.php?rest_route=\/wp\/v2\/users\/3"}],"replies":[{"embeddable":true,"href":"https:\/\/nsrfatima.archimadrid.es\/index.php?rest_route=%2Fwp%2Fv2%2Fcomments&post=406"}],"version-history":[{"count":19,"href":"https:\/\/nsrfatima.archimadrid.es\/index.php?rest_route=\/wp\/v2\/pages\/406\/revisions"}],"predecessor-version":[{"id":5170,"href":"https:\/\/nsrfatima.archimadrid.es\/index.php?rest_route=\/wp\/v2\/pages\/406\/revisions\/5170"}],"wp:attachment":[{"href":"https:\/\/nsrfatima.archimadrid.es\/index.php?rest_route=%2Fwp%2Fv2%2Fmedia&parent=406"}],"curies":[{"name":"wp","href":"https:\/\/api.w.org\/{rel}","templated":true}]}}