{"id":64,"date":"2020-11-20T12:43:09","date_gmt":"2020-11-20T12:43:09","guid":{"rendered":"https:\/\/nsrfatima.archimadrid.es\/?page_id=64"},"modified":"2025-06-22T11:43:28","modified_gmt":"2025-06-22T11:43:28","slug":"grupos","status":"publish","type":"page","link":"https:\/\/nsrfatima.archimadrid.es\/?page_id=64","title":{"rendered":"Camino Neocatecumenal"},"content":{"rendered":"<p>[et_pb_section fb_built=\u00bb1&#8243; fullwidth=\u00bbon\u00bb _builder_version=\u00bb4.27.3&#8243; _module_preset=\u00bbdefault\u00bb global_colors_info=\u00bb{}\u00bb][et_pb_fullwidth_image src=\u00bbhttps:\/\/nsrfatima.archimadrid.es\/wp-content\/uploads\/2024\/11\/Camino-Neocatecumenal-6.png\u00bb title_text=\u00bbCamino Neocatecumenal (6)\u00bb _builder_version=\u00bb4.27.3&#8243; _module_preset=\u00bbdefault\u00bb global_colors_info=\u00bb{}\u00bb][\/et_pb_fullwidth_image][\/et_pb_section][et_pb_section fb_built=\u00bb1&#8243; _builder_version=\u00bb4.27.3&#8243; _module_preset=\u00bbdefault\u00bb background_color=\u00bb#813405&#8243; custom_padding=\u00bb6px||8px|||\u00bb global_colors_info=\u00bb{}\u00bb][et_pb_row _builder_version=\u00bb4.27.3&#8243; _module_preset=\u00bbdefault\u00bb global_colors_info=\u00bb{}\u00bb][et_pb_column type=\u00bb4_4&#8243; _builder_version=\u00bb4.27.3&#8243; _module_preset=\u00bbdefault\u00bb global_colors_info=\u00bb{}\u00bb][et_pb_text _builder_version=\u00bb4.27.4&#8243; _module_preset=\u00bbdefault\u00bb text_font_size=\u00bb20px\u00bb text_line_height=\u00bb1.4em\u00bb animation_style=\u00bbslide\u00bb animation_direction=\u00bbleft\u00bb global_colors_info=\u00bb{}\u00bb]<\/p>\n<p style=\"text-align: justify;\"><span style=\"color: #ffffff;\">El Camino Neocatecumenal es <em>\u00abun itinerario de formaci\u00f3n cat\u00f3lica v\u00e1lida para la sociedad y para los tiempos de hoy al servicio del Obispo Diocesano como una de las modalidades de realizaci\u00f3n diocesana de la iniciaci\u00f3n cristiana y de la educaci\u00f3n permanente en la fe. El cual es vivido en peque\u00f1as comunidades, en el seno de la Parroquia, constituidas por personas de diversa edad y condici\u00f3n social.\u00bb<\/em><\/span><\/p>\n<p>[\/et_pb_text][\/et_pb_column][\/et_pb_row][et_pb_row column_structure=\u00bb1_2,1_2&#8243; _builder_version=\u00bb4.27.4&#8243; _module_preset=\u00bbdefault\u00bb animation_style=\u00bbslide\u00bb animation_direction=\u00bbright\u00bb global_colors_info=\u00bb{}\u00bb][et_pb_column type=\u00bb1_2&#8243; _builder_version=\u00bb4.27.3&#8243; _module_preset=\u00bbdefault\u00bb global_colors_info=\u00bb{}\u00bb][et_pb_text _builder_version=\u00bb4.27.3&#8243; _module_preset=\u00bbdefault\u00bb global_colors_info=\u00bb{}\u00bb]<\/p>\n<p style=\"text-align: center;\"><img loading=\"lazy\" decoding=\"async\" src=\"https:\/\/upload.wikimedia.org\/wikipedia\/commons\/5\/5a\/Icona_maria_kiko.jpg\" alt=\"Camino Neocatecumenal - Wikipedia, la enciclopedia libre\" width=\"140\" height=\"194\" \/><\/p>\n<p>[\/et_pb_text][\/et_pb_column][et_pb_column type=\u00bb1_2&#8243; _builder_version=\u00bb4.27.3&#8243; _module_preset=\u00bbdefault\u00bb global_colors_info=\u00bb{}\u00bb][et_pb_text _builder_version=\u00bb4.27.3&#8243; _module_preset=\u00bbdefault\u00bb global_colors_info=\u00bb{}\u00bb]<\/p>\n<p style=\"text-align: justify;\"><span style=\"color: #ffffff;\">En nuestra Parroquia, el Camino Neocatecumenal fue implantado hace m\u00e1s de 40 a\u00f1os. En la actualidad, existen existen seis comunidades, con m\u00e1s de 200 hermanos en total, que reviven su bautismo por etapas y ponen al servicio de la Parroquia y de la Nueva Evangelizaci\u00f3n aquellos dones y bienes que el Se\u00f1or va sembrando en ellos.<\/span><\/p>\n<p>[\/et_pb_text][\/et_pb_column][\/et_pb_row][\/et_pb_section][et_pb_section fb_built=\u00bb1&#8243; _builder_version=\u00bb4.27.4&#8243; _module_preset=\u00bbdefault\u00bb custom_padding=\u00bb2px|||||\u00bb animation_style=\u00bbzoom\u00bb global_colors_info=\u00bb{}\u00bb][et_pb_row _builder_version=\u00bb4.27.3&#8243; _module_preset=\u00bbdefault\u00bb global_colors_info=\u00bb{}\u00bb][et_pb_column type=\u00bb4_4&#8243; _builder_version=\u00bb4.27.3&#8243; _module_preset=\u00bbdefault\u00bb global_colors_info=\u00bb{}\u00bb][et_pb_text _builder_version=\u00bb4.27.3&#8243; _module_preset=\u00bbdefault\u00bb global_colors_info=\u00bb{}\u00bb]<\/p>\n<h1><strong>\u00daltimas noticias<\/strong><\/h1>\n<p>[\/et_pb_text][et_pb_post_slider posts_number=\u00bb3&#8243; include_categories=\u00bb45&#8243; _builder_version=\u00bb4.27.3&#8243; _module_preset=\u00bbdefault\u00bb global_colors_info=\u00bb{}\u00bb][\/et_pb_post_slider][\/et_pb_column][\/et_pb_row][\/et_pb_section]<\/p>\n","protected":false},"excerpt":{"rendered":"<p>\u00abReconozco el Camino Neocatecumenal como un itinerario de formaci\u00f3n cat\u00f3lica v\u00e1lida para la sociedad y para los tiempos de hoy\u00bb (San Juan Pablo II, Carta Ogniqualvolta, del 30\/08\/1990)<\/p>\n","protected":false},"author":3,"featured_media":0,"parent":0,"menu_order":0,"comment_status":"closed","ping_status":"closed","template":"","meta":{"_et_pb_use_builder":"on","_et_pb_old_content":"<!-- wp:image {\"align\":\"center\",\"id\":299,\"width\":371,\"height\":512,\"sizeSlug\":\"large\"} -->\n<div class=\"wp-block-image\"><figure class=\"aligncenter size-large is-resized\"><img src=\"https:\/\/nsrfatima.archimadrid.es\/wp-content\/uploads\/2020\/11\/dad66e40880f1fccc876ed2f3dd58745-742x1024.jpg\" alt=\"\" class=\"wp-image-299\" width=\"371\" height=\"512\"\/><figcaption>La Virgen Mar\u00eda le dijo a Kiko Arg\u00fcello: <i>\"Hay que hacer comunidades cristianas, como la Sagrada Familia de Nazaret, que vivan en sencillez, humildad y alabanza. El otro es Cristo\".<\/i><\/figcaption><\/figure><\/div>\n<!-- \/wp:image -->\n\n<!-- wp:paragraph -->\n<p>El Camino Neocatecumenal es <i>\"un itinerario de formaci\u00f3n cat\u00f3lica v\u00e1lida para la sociedad y para los tiempos de hoy\"<\/i>[mfn]Estatuto del Camino Neocatecumenal, art\u00edculo 1; cf San Juan Pablo II, <em>Carta <\/em><i>Ogniqualvolta<\/i>, del 30 de Agosto de 1990)[\/mfn] <i>\"al servicio del Obispo Diocesano como una de las modalidades de realizaci\u00f3n diocesana de la iniciaci\u00f3n cristiana y de la educaci\u00f3n permanente en la fe\"<\/i>[mfn]Ibid., art\u00edculo 2[\/mfn]. El cual es vivido en peque\u00f1as comunidades, en el seno de la Parroquia, constituidas por personas de diversa edad y condici\u00f3n social.<\/p>\n<!-- \/wp:paragraph -->\n\n<!-- wp:paragraph -->\n<p>El fin \u00faltimo de la Comunidad es llevar gradualmente a los fieles a una profunda intimidad con Jesucristo y a ser personas activas en la Iglesia, testigos cre\u00edbles de la Buena Noticia del Salvador. Para ello, su sustento es el tr\u00edpode de la Vida Cristiana: <i>\u201cPalabra de Dios - Liturgia - Comunidad\u201d<\/i>, que los lleva a vivir como hermanos en Cristo y personas adultas en la fe, por medio de la comuni\u00f3n fraterna. Para ello, cada comunidad se re\u00fane, entre semana, para celebrar la <u>Palabra<\/u> y los s\u00e1bados (v\u00edsperas del Domingo), la <u>Eucarist\u00eda<\/u>. Adem\u00e1s, un domingo al mes, tienen una <u>Convivencia<\/u>, donde comparten su experiencia de encuentro con Jesucristo Resucitado y de c\u00f3mo \u00e9ste les sostiene en su vida personal, no como una simple <i>entelequia<\/i> (algo ilusorio o meramente intelectual), sino mediante una sincera relaci\u00f3n personal con el Se\u00f1or. De esta forma, los hermanos comparten su fe y se ayudan unos a otros.<\/p>\n<!-- \/wp:paragraph -->\n\n<!-- wp:paragraph -->\n<p>En nuestra Parroquia, el Camino Neocatecumenal fue implantado hace m\u00e1s de 40 a\u00f1os. En la actualidad, existen existen seis comunidades, con m\u00e1s de 200 hermanos en total, que reviven su bautismo por etapas y ponen al servicio de la Parroquia y de la Nueva Evangelizaci\u00f3n aquellos dones y bienes que el Se\u00f1or va sembrando en ellos.<\/p>\n<!-- \/wp:paragraph -->","_et_gb_content_width":"","footnotes":""},"class_list":["post-64","page","type-page","status-publish","hentry"],"yoast_head":"<!-- This site is optimized with the Yoast SEO plugin v27.4 - https:\/\/yoast.com\/product\/yoast-seo-wordpress\/ -->\n<title>Camino Neocatecumenal - Parroquia Nuestra Se\u00f1ora del Rosario de F\u00e1tima<\/title>\n<meta name=\"robots\" content=\"index, follow, max-snippet:-1, max-image-preview:large, max-video-preview:-1\" \/>\n<link rel=\"canonical\" href=\"https:\/\/nsrfatima.archimadrid.es\/?page_id=64\" \/>\n<meta property=\"og:locale\" content=\"es_ES\" \/>\n<meta property=\"og:type\" content=\"article\" \/>\n<meta property=\"og:title\" content=\"Camino Neocatecumenal - Parroquia Nuestra Se\u00f1ora del Rosario de F\u00e1tima\" \/>\n<meta property=\"og:description\" content=\"&quot;Reconozco el Camino Neocatecumenal como un itinerario de formaci\u00f3n cat\u00f3lica v\u00e1lida para la sociedad y para los tiempos de hoy&quot; (San Juan Pablo II, Carta Ogniqualvolta, del 30\/08\/1990)\" \/>\n<meta property=\"og:url\" content=\"https:\/\/nsrfatima.archimadrid.es\/?page_id=64\" \/>\n<meta property=\"og:site_name\" content=\"Parroquia Nuestra Se\u00f1ora del Rosario de F\u00e1tima\" \/>\n<meta property=\"article:modified_time\" content=\"2025-06-22T11:43:28+00:00\" \/>\n<meta property=\"og:image\" content=\"https:\/\/upload.wikimedia.org\/wikipedia\/commons\/5\/5a\/Icona_maria_kiko.jpg\" \/>\n<meta name=\"twitter:card\" content=\"summary_large_image\" \/>\n<meta name=\"twitter:label1\" content=\"Tiempo de lectura\" \/>\n\t<meta name=\"twitter:data1\" content=\"2 minutos\" \/>\n<script type=\"application\/ld+json\" class=\"yoast-schema-graph\">{\"@context\":\"https:\\\/\\\/schema.org\",\"@graph\":[{\"@type\":\"WebPage\",\"@id\":\"https:\\\/\\\/nsrfatima.archimadrid.es\\\/?page_id=64\",\"url\":\"https:\\\/\\\/nsrfatima.archimadrid.es\\\/?page_id=64\",\"name\":\"Camino Neocatecumenal - Parroquia Nuestra Se\u00f1ora del Rosario de F\u00e1tima\",\"isPartOf\":{\"@id\":\"https:\\\/\\\/nsrfatima.archimadrid.es\\\/#website\"},\"primaryImageOfPage\":{\"@id\":\"https:\\\/\\\/nsrfatima.archimadrid.es\\\/?page_id=64#primaryimage\"},\"image\":{\"@id\":\"https:\\\/\\\/nsrfatima.archimadrid.es\\\/?page_id=64#primaryimage\"},\"thumbnailUrl\":\"https:\\\/\\\/upload.wikimedia.org\\\/wikipedia\\\/commons\\\/5\\\/5a\\\/Icona_maria_kiko.jpg\",\"datePublished\":\"2020-11-20T12:43:09+00:00\",\"dateModified\":\"2025-06-22T11:43:28+00:00\",\"breadcrumb\":{\"@id\":\"https:\\\/\\\/nsrfatima.archimadrid.es\\\/?page_id=64#breadcrumb\"},\"inLanguage\":\"es\",\"potentialAction\":[{\"@type\":\"ReadAction\",\"target\":[\"https:\\\/\\\/nsrfatima.archimadrid.es\\\/?page_id=64\"]}]},{\"@type\":\"ImageObject\",\"inLanguage\":\"es\",\"@id\":\"https:\\\/\\\/nsrfatima.archimadrid.es\\\/?page_id=64#primaryimage\",\"url\":\"https:\\\/\\\/upload.wikimedia.org\\\/wikipedia\\\/commons\\\/5\\\/5a\\\/Icona_maria_kiko.jpg\",\"contentUrl\":\"https:\\\/\\\/upload.wikimedia.org\\\/wikipedia\\\/commons\\\/5\\\/5a\\\/Icona_maria_kiko.jpg\"},{\"@type\":\"BreadcrumbList\",\"@id\":\"https:\\\/\\\/nsrfatima.archimadrid.es\\\/?page_id=64#breadcrumb\",\"itemListElement\":[{\"@type\":\"ListItem\",\"position\":1,\"name\":\"Portada\",\"item\":\"https:\\\/\\\/nsrfatima.archimadrid.es\\\/\"},{\"@type\":\"ListItem\",\"position\":2,\"name\":\"Camino Neocatecumenal\"}]},{\"@type\":\"WebSite\",\"@id\":\"https:\\\/\\\/nsrfatima.archimadrid.es\\\/#website\",\"url\":\"https:\\\/\\\/nsrfatima.archimadrid.es\\\/\",\"name\":\"Parroquia Nuestra Se\u00f1ora del Rosario de F\u00e1tima\",\"description\":\"Web de la parroquia de Nuestra Se\u00f1ora del Rosario de F\u00e1tima\",\"potentialAction\":[{\"@type\":\"SearchAction\",\"target\":{\"@type\":\"EntryPoint\",\"urlTemplate\":\"https:\\\/\\\/nsrfatima.archimadrid.es\\\/?s={search_term_string}\"},\"query-input\":{\"@type\":\"PropertyValueSpecification\",\"valueRequired\":true,\"valueName\":\"search_term_string\"}}],\"inLanguage\":\"es\"}]}<\/script>\n<!-- \/ Yoast SEO plugin. -->","yoast_head_json":{"title":"Camino Neocatecumenal - Parroquia Nuestra Se\u00f1ora del Rosario de F\u00e1tima","robots":{"index":"index","follow":"follow","max-snippet":"max-snippet:-1","max-image-preview":"max-image-preview:large","max-video-preview":"max-video-preview:-1"},"canonical":"https:\/\/nsrfatima.archimadrid.es\/?page_id=64","og_locale":"es_ES","og_type":"article","og_title":"Camino Neocatecumenal - Parroquia Nuestra Se\u00f1ora del Rosario de F\u00e1tima","og_description":"\"Reconozco el Camino Neocatecumenal como un itinerario de formaci\u00f3n cat\u00f3lica v\u00e1lida para la sociedad y para los tiempos de hoy\" (San Juan Pablo II, Carta Ogniqualvolta, del 30\/08\/1990)","og_url":"https:\/\/nsrfatima.archimadrid.es\/?page_id=64","og_site_name":"Parroquia Nuestra Se\u00f1ora del Rosario de F\u00e1tima","article_modified_time":"2025-06-22T11:43:28+00:00","og_image":[{"url":"https:\/\/upload.wikimedia.org\/wikipedia\/commons\/5\/5a\/Icona_maria_kiko.jpg","type":"","width":"","height":""}],"twitter_card":"summary_large_image","twitter_misc":{"Tiempo de lectura":"2 minutos"},"schema":{"@context":"https:\/\/schema.org","@graph":[{"@type":"WebPage","@id":"https:\/\/nsrfatima.archimadrid.es\/?page_id=64","url":"https:\/\/nsrfatima.archimadrid.es\/?page_id=64","name":"Camino Neocatecumenal - Parroquia Nuestra Se\u00f1ora del Rosario de F\u00e1tima","isPartOf":{"@id":"https:\/\/nsrfatima.archimadrid.es\/#website"},"primaryImageOfPage":{"@id":"https:\/\/nsrfatima.archimadrid.es\/?page_id=64#primaryimage"},"image":{"@id":"https:\/\/nsrfatima.archimadrid.es\/?page_id=64#primaryimage"},"thumbnailUrl":"https:\/\/upload.wikimedia.org\/wikipedia\/commons\/5\/5a\/Icona_maria_kiko.jpg","datePublished":"2020-11-20T12:43:09+00:00","dateModified":"2025-06-22T11:43:28+00:00","breadcrumb":{"@id":"https:\/\/nsrfatima.archimadrid.es\/?page_id=64#breadcrumb"},"inLanguage":"es","potentialAction":[{"@type":"ReadAction","target":["https:\/\/nsrfatima.archimadrid.es\/?page_id=64"]}]},{"@type":"ImageObject","inLanguage":"es","@id":"https:\/\/nsrfatima.archimadrid.es\/?page_id=64#primaryimage","url":"https:\/\/upload.wikimedia.org\/wikipedia\/commons\/5\/5a\/Icona_maria_kiko.jpg","contentUrl":"https:\/\/upload.wikimedia.org\/wikipedia\/commons\/5\/5a\/Icona_maria_kiko.jpg"},{"@type":"BreadcrumbList","@id":"https:\/\/nsrfatima.archimadrid.es\/?page_id=64#breadcrumb","itemListElement":[{"@type":"ListItem","position":1,"name":"Portada","item":"https:\/\/nsrfatima.archimadrid.es\/"},{"@type":"ListItem","position":2,"name":"Camino Neocatecumenal"}]},{"@type":"WebSite","@id":"https:\/\/nsrfatima.archimadrid.es\/#website","url":"https:\/\/nsrfatima.archimadrid.es\/","name":"Parroquia Nuestra Se\u00f1ora del Rosario de F\u00e1tima","description":"Web de la parroquia de Nuestra Se\u00f1ora del Rosario de F\u00e1tima","potentialAction":[{"@type":"SearchAction","target":{"@type":"EntryPoint","urlTemplate":"https:\/\/nsrfatima.archimadrid.es\/?s={search_term_string}"},"query-input":{"@type":"PropertyValueSpecification","valueRequired":true,"valueName":"search_term_string"}}],"inLanguage":"es"}]}},"_links":{"self":[{"href":"https:\/\/nsrfatima.archimadrid.es\/index.php?rest_route=\/wp\/v2\/pages\/64","targetHints":{"allow":["GET"]}}],"collection":[{"href":"https:\/\/nsrfatima.archimadrid.es\/index.php?rest_route=\/wp\/v2\/pages"}],"about":[{"href":"https:\/\/nsrfatima.archimadrid.es\/index.php?rest_route=\/wp\/v2\/types\/page"}],"author":[{"embeddable":true,"href":"https:\/\/nsrfatima.archimadrid.es\/index.php?rest_route=\/wp\/v2\/users\/3"}],"replies":[{"embeddable":true,"href":"https:\/\/nsrfatima.archimadrid.es\/index.php?rest_route=%2Fwp%2Fv2%2Fcomments&post=64"}],"version-history":[{"count":40,"href":"https:\/\/nsrfatima.archimadrid.es\/index.php?rest_route=\/wp\/v2\/pages\/64\/revisions"}],"predecessor-version":[{"id":5339,"href":"https:\/\/nsrfatima.archimadrid.es\/index.php?rest_route=\/wp\/v2\/pages\/64\/revisions\/5339"}],"wp:attachment":[{"href":"https:\/\/nsrfatima.archimadrid.es\/index.php?rest_route=%2Fwp%2Fv2%2Fmedia&parent=64"}],"curies":[{"name":"wp","href":"https:\/\/api.w.org\/{rel}","templated":true}]}}