{"id":68,"date":"2020-11-20T12:44:07","date_gmt":"2020-11-20T12:44:07","guid":{"rendered":"https:\/\/nsrfatima.archimadrid.es\/?page_id=68"},"modified":"2024-11-26T13:09:06","modified_gmt":"2024-11-26T13:09:06","slug":"renovacion-carismatica","status":"publish","type":"page","link":"https:\/\/nsrfatima.archimadrid.es\/?page_id=68","title":{"rendered":"Renovaci\u00f3n Carism\u00e1tica"},"content":{"rendered":"<p>[et_pb_section fb_built=\u00bb1&#8243; fullwidth=\u00bbon\u00bb _builder_version=\u00bb4.27.3&#8243; _module_preset=\u00bbdefault\u00bb global_colors_info=\u00bb{}\u00bb][et_pb_fullwidth_image src=\u00bbhttps:\/\/nsrfatima.archimadrid.es\/wp-content\/uploads\/2024\/11\/Camino-Neocatecumenal-2.png\u00bb title_text=\u00bbCamino Neocatecumenal (2)\u00bb _builder_version=\u00bb4.27.3&#8243; _module_preset=\u00bbdefault\u00bb global_colors_info=\u00bb{}\u00bb][\/et_pb_fullwidth_image][\/et_pb_section][et_pb_section fb_built=\u00bb1&#8243; _builder_version=\u00bb4.27.3&#8243; _module_preset=\u00bbdefault\u00bb background_color=\u00bb#eddfa6&#8243; global_colors_info=\u00bb{}\u00bb][et_pb_row _builder_version=\u00bb4.27.3&#8243; _module_preset=\u00bbdefault\u00bb global_colors_info=\u00bb{}\u00bb][et_pb_column type=\u00bb4_4&#8243; _builder_version=\u00bb4.27.3&#8243; _module_preset=\u00bbdefault\u00bb global_colors_info=\u00bb{}\u00bb][et_pb_text _builder_version=\u00bb4.27.4&#8243; _module_preset=\u00bbdefault\u00bb text_text_color=\u00bb#000000&#8243; text_font_size=\u00bb20px\u00bb text_line_height=\u00bb1.4em\u00bb hover_enabled=\u00bb0&#8243; global_colors_info=\u00bb{}\u00bb animation_style=\u00bbzoom\u00bb sticky_enabled=\u00bb0&#8243;]<\/p>\n<p style=\"text-align: justify;\"><span style=\"color: #000000;\">La Renovaci\u00f3n Carism\u00e1tica <em>\u00abes una corriente espiritual y acontecimiento de gracia suscitado por el Esp\u00edritu Santo que hunde sus ra\u00edces en el Nuevo Pentecost\u00e9s, deseado y profetizado por el Papa San Juan XXIII para toda la Iglesia a trav\u00e9s del Concilio Vaticano II; y que busca renovar la fuerza y vivencia de los sacramentos de la Iniciaci\u00f3n Cristiana, actualizando en los hermanos la experiencia del Primer Pentecost\u00e9s y revitalizando los carismas, ordinarios y extraordinarios, que \u00c9l ha entregado a Su Iglesia.\u00bb<\/em><\/span><\/p>\n<p>[\/et_pb_text][\/et_pb_column][\/et_pb_row][\/et_pb_section][et_pb_section fb_built=\u00bb1&#8243; _builder_version=\u00bb4.27.3&#8243; _module_preset=\u00bbdefault\u00bb custom_padding=\u00bb10px||13px|||\u00bb global_colors_info=\u00bb{}\u00bb][et_pb_row column_structure=\u00bb1_3,1_3,1_3&#8243; _builder_version=\u00bb4.27.4&#8243; _module_preset=\u00bbdefault\u00bb hover_enabled=\u00bb0&#8243; global_colors_info=\u00bb{}\u00bb animation_style=\u00bbbounce\u00bb sticky_enabled=\u00bb0&#8243;][et_pb_column type=\u00bb1_3&#8243; _builder_version=\u00bb4.27.3&#8243; _module_preset=\u00bbdefault\u00bb global_colors_info=\u00bb{}\u00bb][et_pb_text _builder_version=\u00bb4.27.3&#8243; _module_preset=\u00bbdefault\u00bb global_colors_info=\u00bb{}\u00bb]<\/p>\n<p style=\"text-align: justify;\"><span style=\"color: #000000;\">Esto se realiza tradicionalmente, por medio de la experiencia del \u00abBautismo en el Esp\u00edritu Santo\u00bb, una fuerte y ungida oraci\u00f3n de efusi\u00f3n espiritual, precedida normalmente por un tiempo previo de evangelizaci\u00f3n conocido como \u00abSeminario de las Siete Semanas\u00bb (o \u00abSeminario de vida en el Esp\u00edritu\u00bb). De esta manera, Pentecost\u00e9s sale de la letra de las p\u00e1ginas b\u00edblicas, convirti\u00e9ndose en una experiencia, real, profunda y personal, de encuentro con el Esp\u00edritu de Cristo, que convierte al hermano en testigo fiel de Su acci\u00f3n, fuerza y poder, sabiendo que: \u00abJesucristo es el mismo, ayer, hoy y para siempre\u00bb <em>(Hebreos 13, 8).<\/em><\/span><\/p>\n<p>[\/et_pb_text][\/et_pb_column][et_pb_column type=\u00bb1_3&#8243; _builder_version=\u00bb4.27.3&#8243; _module_preset=\u00bbdefault\u00bb global_colors_info=\u00bb{}\u00bb][et_pb_text _builder_version=\u00bb4.27.3&#8243; _module_preset=\u00bbdefault\u00bb global_colors_info=\u00bb{}\u00bb]<\/p>\n<p><img loading=\"lazy\" decoding=\"async\" width=\"312\" height=\"423\" src=\"https:\/\/nsrfatima.archimadrid.es\/wp-content\/uploads\/2020\/11\/unnamed-02.jpeg\" alt=\"\" class=\"wp-image-279 size-full\" srcset=\"https:\/\/nsrfatima.archimadrid.es\/wp-content\/uploads\/2020\/11\/unnamed-02.jpeg 312w, https:\/\/nsrfatima.archimadrid.es\/wp-content\/uploads\/2020\/11\/unnamed-02-221x300.jpeg 221w, https:\/\/nsrfatima.archimadrid.es\/wp-content\/uploads\/2020\/11\/unnamed-02-44x60.jpeg 44w\" sizes=\"(max-width: 312px) 100vw, 312px\" \/><\/p>\n<p>[\/et_pb_text][\/et_pb_column][et_pb_column type=\u00bb1_3&#8243; _builder_version=\u00bb4.27.3&#8243; _module_preset=\u00bbdefault\u00bb global_colors_info=\u00bb{}\u00bb][et_pb_text _builder_version=\u00bb4.27.3&#8243; _module_preset=\u00bbdefault\u00bb global_colors_info=\u00bb{}\u00bb]<\/p>\n<p style=\"text-align: justify;\"><span style=\"color: #000000;\">En nuestra Parroquia, desde hace m\u00e1s de 40 a\u00f1os, existe un grupo de oraci\u00f3n carism\u00e1tico, al amparo del Estatuto de la Renovaci\u00f3n Carism\u00e1tica Cat\u00f3lica en Espa\u00f1a (RCCE), que se re\u00fane todos los<strong> Lunes en los salones parroquiales, entre las 19 y las 21 horas.<\/strong> A estas reuniones de oraci\u00f3n, pueden acudir y acuden muchos m\u00e1s hermanos de la Parroquia (incluso de otras realidades eclesiales), para orar con nosotros, celebrar y adorar al Se\u00f1or por medio de su Esp\u00edritu Santo.<\/span><\/p>\n<p>[\/et_pb_text][\/et_pb_column][\/et_pb_row][et_pb_row _builder_version=\u00bb4.27.4&#8243; _module_preset=\u00bbdefault\u00bb hover_enabled=\u00bb0&#8243; global_colors_info=\u00bb{}\u00bb animation_style=\u00bbzoom\u00bb animation_direction=\u00bbright\u00bb sticky_enabled=\u00bb0&#8243;][et_pb_column type=\u00bb4_4&#8243; _builder_version=\u00bb4.27.3&#8243; _module_preset=\u00bbdefault\u00bb global_colors_info=\u00bb{}\u00bb][et_pb_text _builder_version=\u00bb4.27.3&#8243; _module_preset=\u00bbdefault\u00bb global_colors_info=\u00bb{}\u00bb]<\/p>\n<h1><strong>\u00daltimas noticias<\/strong><\/h1>\n<p>[\/et_pb_text][\/et_pb_column][\/et_pb_row][et_pb_row _builder_version=\u00bb4.27.4&#8243; _module_preset=\u00bbdefault\u00bb hover_enabled=\u00bb0&#8243; global_colors_info=\u00bb{}\u00bb animation_style=\u00bbzoom\u00bb animation_direction=\u00bbright\u00bb sticky_enabled=\u00bb0&#8243;][et_pb_column type=\u00bb4_4&#8243; _builder_version=\u00bb4.27.3&#8243; _module_preset=\u00bbdefault\u00bb global_colors_info=\u00bb{}\u00bb][et_pb_post_slider include_categories=\u00bb46&#8243; _builder_version=\u00bb4.27.3&#8243; _module_preset=\u00bbdefault\u00bb global_colors_info=\u00bb{}\u00bb][\/et_pb_post_slider][\/et_pb_column][\/et_pb_row][\/et_pb_section]<\/p>\n","protected":false},"excerpt":{"rendered":"<p>La Renovaci\u00f3n Carism\u00e1tica \u00abes una corriente espiritual y acontecimiento de gracia suscitado por el Esp\u00edritu Santo que hunde sus ra\u00edces en el Nuevo Pentecost\u00e9s, deseado y profetizado por el Papa San Juan XXIII para toda la Iglesia a trav\u00e9s del Concilio Vaticano II; y que busca renovar la fuerza y vivencia de los sacramentos de [&hellip;]<\/p>\n","protected":false},"author":1,"featured_media":0,"parent":0,"menu_order":0,"comment_status":"closed","ping_status":"closed","template":"","meta":{"_et_pb_use_builder":"on","_et_pb_old_content":"<!-- wp:media-text {\"mediaPosition\":\"right\",\"mediaId\":283,\"mediaLink\":\"https:\/\/nsrfatima.archimadrid.es\/?attachment_id=283\",\"mediaType\":\"image\",\"mediaWidth\":15} -->\n<div class=\"wp-block-media-text alignwide has-media-on-the-right is-stacked-on-mobile\" style=\"grid-template-columns:auto 15%\"><figure class=\"wp-block-media-text__media\"><img src=\"https:\/\/nsrfatima.archimadrid.es\/wp-content\/uploads\/2020\/11\/81882831_1506730772807275_1603088485873352704_o-01.jpeg\" alt=\"\" class=\"wp-image-283 size-full\"\/><\/figure><div class=\"wp-block-media-text__content\"><!-- wp:paragraph -->\n<p>La Renovaci\u00f3n Carism\u00e1tica <em>\u00abes una corriente espiritual y acontecimiento de gracia [\u2026] suscitado por el Esp\u00edritu Santo\u00bb<\/em>[mfn]Estatuto de la Renovaci\u00f3n Carism\u00e1tica Cat\u00f3lica en Espa\u00f1a,&nbsp;<em>Pre\u00e1mbulo<\/em>. A\u00f1o 2004.[\/mfn] que hunde sus ra\u00edces en el Nuevo Pentecost\u00e9s, deseado y profetizado por el Papa San Juan XXIII para toda la Iglesia a trav\u00e9s del Concilio Vaticano II; y que busca renovar la fuerza y vivencia de los sacramentos de la Iniciaci\u00f3n Cristiana, actualizando en los hermanos la experiencia del Primer Pentecost\u00e9s y revitalizando los carismas, ordinarios y extraordinarios, que \u00c9l ha entregado a Su Iglesia. <\/p>\n<!-- \/wp:paragraph --><\/div><\/div>\n<!-- \/wp:media-text -->\n\n<!-- wp:paragraph -->\n<p>Esto se realiza tradicionalmente, por medio de la experiencia del <em>\u00ab<span style=\"text-decoration: underline;\"><strong>Bautismo en el Esp\u00edritu Santo<\/strong><\/span>\u00bb<\/em>, una fuerte y ungida oraci\u00f3n de efusi\u00f3n espiritual, precedida normalmente por un tiempo previo de evangelizaci\u00f3n conocido como <em>\u00abSeminario de las Siete Semanas\u00bb<\/em> (o <em>\"Seminario de vida en el Esp\u00edritu\"<\/em>). De esta manera, Pentecost\u00e9s sale de la letra de las p\u00e1ginas b\u00edblicas, convirti\u00e9ndose en una experiencia, real, profunda y personal, de encuentro con el Esp\u00edritu de Cristo, que convierte al hermano en testigo fiel de Su acci\u00f3n, fuerza y poder, sabiendo que: <em>\u00abJesucristo es el mismo, ayer, hoy y para siempre\u00bb<\/em>[mfn]Hebreos 13, 8.[\/mfn].<\/p>\n<!-- \/wp:paragraph -->\n\n<!-- wp:media-text {\"mediaPosition\":\"right\",\"mediaId\":279,\"mediaLink\":\"https:\/\/nsrfatima.archimadrid.es\/?attachment_id=279\",\"mediaType\":\"image\",\"mediaWidth\":28} -->\n<div class=\"wp-block-media-text alignwide has-media-on-the-right is-stacked-on-mobile\" style=\"grid-template-columns:auto 28%\"><figure class=\"wp-block-media-text__media\"><img src=\"https:\/\/nsrfatima.archimadrid.es\/wp-content\/uploads\/2020\/11\/unnamed-02.jpeg\" alt=\"\" class=\"wp-image-279 size-full\"\/><\/figure><div class=\"wp-block-media-text__content\"><!-- wp:paragraph -->\n<p>Esta experiencia es, seg\u00fan las palabras prof\u00e9ticas del Sucesor de Pedro, para toda la Iglesia (independientemente de la realidad o movimiento al que se pertenezca). No obstante, los hermanos que libremente lo desean, forman en la Parroquia <span style=\"text-decoration: underline;\">un grupo o comunidad de oraci\u00f3n<\/span> que, a imitaci\u00f3n del primer cen\u00e1culo, persevera <em>\u00aben la oraci\u00f3n con un mismo esp\u00edritu, en compa\u00f1\u00eda [\u2026] de Mar\u00eda, la madre de Jes\u00fas y sus hermanos\u00bb<\/em>[mfn]Hechos de los ap\u00f3soles 1, 14[\/mfn]; procura dar testimonio <em>\u00abcon poder de la Resurrecci\u00f3n del Se\u00f1or Jes\u00fas\u00bb<\/em>[mfn]Ib\u00edd. 4, 33[\/mfn] y se mantiene a la escucha de lo que el Esp\u00edritu Santo desee hacer.<\/p>\n<!-- \/wp:paragraph --><\/div><\/div>\n<!-- \/wp:media-text -->\n\n<!-- wp:paragraph -->\n<p>En nuestra Parroquia, desde hace m\u00e1s de 40 a\u00f1os, existe un grupo de oraci\u00f3n carism\u00e1tico, al amparo del Estatuto de la Renovaci\u00f3n Carism\u00e1tica Cat\u00f3lica en Espa\u00f1a (RCCE), que se re\u00fane <span style=\"text-decoration: underline;\">todos los Lunes en los salones parroquiales, entre las 19 y las 21 horas<\/span>. A estas reuniones de oraci\u00f3n, pueden acudir y acuden muchos m\u00e1s hermanos de la Parroquia (incluso de otras realidades eclesiales), para orar con nosotros, celebrar y adorar al Se\u00f1or por medio de su Esp\u00edritu Santo.<\/p>\n<!-- \/wp:paragraph -->","_et_gb_content_width":"","footnotes":""},"class_list":["post-68","page","type-page","status-publish","hentry"],"yoast_head":"<!-- This site is optimized with the Yoast SEO plugin v27.4 - https:\/\/yoast.com\/product\/yoast-seo-wordpress\/ -->\n<title>Renovaci\u00f3n Carism\u00e1tica - Parroquia Nuestra Se\u00f1ora del Rosario de F\u00e1tima<\/title>\n<meta name=\"robots\" content=\"index, follow, max-snippet:-1, max-image-preview:large, max-video-preview:-1\" \/>\n<link rel=\"canonical\" href=\"https:\/\/nsrfatima.archimadrid.es\/?page_id=68\" \/>\n<meta property=\"og:locale\" content=\"es_ES\" \/>\n<meta property=\"og:type\" content=\"article\" \/>\n<meta property=\"og:title\" content=\"Renovaci\u00f3n Carism\u00e1tica - Parroquia Nuestra Se\u00f1ora del Rosario de F\u00e1tima\" \/>\n<meta property=\"og:description\" content=\"La Renovaci\u00f3n Carism\u00e1tica &quot;es una corriente espiritual y acontecimiento de gracia suscitado por el Esp\u00edritu Santo que hunde sus ra\u00edces en el Nuevo Pentecost\u00e9s, deseado y profetizado por el Papa San Juan XXIII para toda la Iglesia a trav\u00e9s del Concilio Vaticano II; y que busca renovar la fuerza y vivencia de los sacramentos de [&hellip;]\" \/>\n<meta property=\"og:url\" content=\"https:\/\/nsrfatima.archimadrid.es\/?page_id=68\" \/>\n<meta property=\"og:site_name\" content=\"Parroquia Nuestra Se\u00f1ora del Rosario de F\u00e1tima\" \/>\n<meta property=\"article:modified_time\" content=\"2024-11-26T13:09:06+00:00\" \/>\n<meta property=\"og:image\" content=\"https:\/\/nsrfatima.archimadrid.es\/wp-content\/uploads\/2020\/11\/unnamed-02.jpeg\" \/>\n<meta name=\"twitter:card\" content=\"summary_large_image\" \/>\n<meta name=\"twitter:label1\" content=\"Tiempo de lectura\" \/>\n\t<meta name=\"twitter:data1\" content=\"3 minutos\" \/>\n<script type=\"application\/ld+json\" class=\"yoast-schema-graph\">{\"@context\":\"https:\\\/\\\/schema.org\",\"@graph\":[{\"@type\":\"WebPage\",\"@id\":\"https:\\\/\\\/nsrfatima.archimadrid.es\\\/?page_id=68\",\"url\":\"https:\\\/\\\/nsrfatima.archimadrid.es\\\/?page_id=68\",\"name\":\"Renovaci\u00f3n Carism\u00e1tica - Parroquia Nuestra Se\u00f1ora del Rosario de F\u00e1tima\",\"isPartOf\":{\"@id\":\"https:\\\/\\\/nsrfatima.archimadrid.es\\\/#website\"},\"primaryImageOfPage\":{\"@id\":\"https:\\\/\\\/nsrfatima.archimadrid.es\\\/?page_id=68#primaryimage\"},\"image\":{\"@id\":\"https:\\\/\\\/nsrfatima.archimadrid.es\\\/?page_id=68#primaryimage\"},\"thumbnailUrl\":\"https:\\\/\\\/nsrfatima.archimadrid.es\\\/wp-content\\\/uploads\\\/2020\\\/11\\\/unnamed-02.jpeg\",\"datePublished\":\"2020-11-20T12:44:07+00:00\",\"dateModified\":\"2024-11-26T13:09:06+00:00\",\"breadcrumb\":{\"@id\":\"https:\\\/\\\/nsrfatima.archimadrid.es\\\/?page_id=68#breadcrumb\"},\"inLanguage\":\"es\",\"potentialAction\":[{\"@type\":\"ReadAction\",\"target\":[\"https:\\\/\\\/nsrfatima.archimadrid.es\\\/?page_id=68\"]}]},{\"@type\":\"ImageObject\",\"inLanguage\":\"es\",\"@id\":\"https:\\\/\\\/nsrfatima.archimadrid.es\\\/?page_id=68#primaryimage\",\"url\":\"https:\\\/\\\/nsrfatima.archimadrid.es\\\/wp-content\\\/uploads\\\/2020\\\/11\\\/unnamed-02.jpeg\",\"contentUrl\":\"https:\\\/\\\/nsrfatima.archimadrid.es\\\/wp-content\\\/uploads\\\/2020\\\/11\\\/unnamed-02.jpeg\",\"width\":312,\"height\":423},{\"@type\":\"BreadcrumbList\",\"@id\":\"https:\\\/\\\/nsrfatima.archimadrid.es\\\/?page_id=68#breadcrumb\",\"itemListElement\":[{\"@type\":\"ListItem\",\"position\":1,\"name\":\"Portada\",\"item\":\"https:\\\/\\\/nsrfatima.archimadrid.es\\\/\"},{\"@type\":\"ListItem\",\"position\":2,\"name\":\"Renovaci\u00f3n Carism\u00e1tica\"}]},{\"@type\":\"WebSite\",\"@id\":\"https:\\\/\\\/nsrfatima.archimadrid.es\\\/#website\",\"url\":\"https:\\\/\\\/nsrfatima.archimadrid.es\\\/\",\"name\":\"Parroquia Nuestra Se\u00f1ora del Rosario de F\u00e1tima\",\"description\":\"Web de la parroquia de Nuestra Se\u00f1ora del Rosario de F\u00e1tima\",\"potentialAction\":[{\"@type\":\"SearchAction\",\"target\":{\"@type\":\"EntryPoint\",\"urlTemplate\":\"https:\\\/\\\/nsrfatima.archimadrid.es\\\/?s={search_term_string}\"},\"query-input\":{\"@type\":\"PropertyValueSpecification\",\"valueRequired\":true,\"valueName\":\"search_term_string\"}}],\"inLanguage\":\"es\"}]}<\/script>\n<!-- \/ Yoast SEO plugin. -->","yoast_head_json":{"title":"Renovaci\u00f3n Carism\u00e1tica - Parroquia Nuestra Se\u00f1ora del Rosario de F\u00e1tima","robots":{"index":"index","follow":"follow","max-snippet":"max-snippet:-1","max-image-preview":"max-image-preview:large","max-video-preview":"max-video-preview:-1"},"canonical":"https:\/\/nsrfatima.archimadrid.es\/?page_id=68","og_locale":"es_ES","og_type":"article","og_title":"Renovaci\u00f3n Carism\u00e1tica - Parroquia Nuestra Se\u00f1ora del Rosario de F\u00e1tima","og_description":"La Renovaci\u00f3n Carism\u00e1tica \"es una corriente espiritual y acontecimiento de gracia suscitado por el Esp\u00edritu Santo que hunde sus ra\u00edces en el Nuevo Pentecost\u00e9s, deseado y profetizado por el Papa San Juan XXIII para toda la Iglesia a trav\u00e9s del Concilio Vaticano II; y que busca renovar la fuerza y vivencia de los sacramentos de [&hellip;]","og_url":"https:\/\/nsrfatima.archimadrid.es\/?page_id=68","og_site_name":"Parroquia Nuestra Se\u00f1ora del Rosario de F\u00e1tima","article_modified_time":"2024-11-26T13:09:06+00:00","og_image":[{"url":"https:\/\/nsrfatima.archimadrid.es\/wp-content\/uploads\/2020\/11\/unnamed-02.jpeg","type":"","width":"","height":""}],"twitter_card":"summary_large_image","twitter_misc":{"Tiempo de lectura":"3 minutos"},"schema":{"@context":"https:\/\/schema.org","@graph":[{"@type":"WebPage","@id":"https:\/\/nsrfatima.archimadrid.es\/?page_id=68","url":"https:\/\/nsrfatima.archimadrid.es\/?page_id=68","name":"Renovaci\u00f3n Carism\u00e1tica - Parroquia Nuestra Se\u00f1ora del Rosario de F\u00e1tima","isPartOf":{"@id":"https:\/\/nsrfatima.archimadrid.es\/#website"},"primaryImageOfPage":{"@id":"https:\/\/nsrfatima.archimadrid.es\/?page_id=68#primaryimage"},"image":{"@id":"https:\/\/nsrfatima.archimadrid.es\/?page_id=68#primaryimage"},"thumbnailUrl":"https:\/\/nsrfatima.archimadrid.es\/wp-content\/uploads\/2020\/11\/unnamed-02.jpeg","datePublished":"2020-11-20T12:44:07+00:00","dateModified":"2024-11-26T13:09:06+00:00","breadcrumb":{"@id":"https:\/\/nsrfatima.archimadrid.es\/?page_id=68#breadcrumb"},"inLanguage":"es","potentialAction":[{"@type":"ReadAction","target":["https:\/\/nsrfatima.archimadrid.es\/?page_id=68"]}]},{"@type":"ImageObject","inLanguage":"es","@id":"https:\/\/nsrfatima.archimadrid.es\/?page_id=68#primaryimage","url":"https:\/\/nsrfatima.archimadrid.es\/wp-content\/uploads\/2020\/11\/unnamed-02.jpeg","contentUrl":"https:\/\/nsrfatima.archimadrid.es\/wp-content\/uploads\/2020\/11\/unnamed-02.jpeg","width":312,"height":423},{"@type":"BreadcrumbList","@id":"https:\/\/nsrfatima.archimadrid.es\/?page_id=68#breadcrumb","itemListElement":[{"@type":"ListItem","position":1,"name":"Portada","item":"https:\/\/nsrfatima.archimadrid.es\/"},{"@type":"ListItem","position":2,"name":"Renovaci\u00f3n Carism\u00e1tica"}]},{"@type":"WebSite","@id":"https:\/\/nsrfatima.archimadrid.es\/#website","url":"https:\/\/nsrfatima.archimadrid.es\/","name":"Parroquia Nuestra Se\u00f1ora del Rosario de F\u00e1tima","description":"Web de la parroquia de Nuestra Se\u00f1ora del Rosario de F\u00e1tima","potentialAction":[{"@type":"SearchAction","target":{"@type":"EntryPoint","urlTemplate":"https:\/\/nsrfatima.archimadrid.es\/?s={search_term_string}"},"query-input":{"@type":"PropertyValueSpecification","valueRequired":true,"valueName":"search_term_string"}}],"inLanguage":"es"}]}},"_links":{"self":[{"href":"https:\/\/nsrfatima.archimadrid.es\/index.php?rest_route=\/wp\/v2\/pages\/68","targetHints":{"allow":["GET"]}}],"collection":[{"href":"https:\/\/nsrfatima.archimadrid.es\/index.php?rest_route=\/wp\/v2\/pages"}],"about":[{"href":"https:\/\/nsrfatima.archimadrid.es\/index.php?rest_route=\/wp\/v2\/types\/page"}],"author":[{"embeddable":true,"href":"https:\/\/nsrfatima.archimadrid.es\/index.php?rest_route=\/wp\/v2\/users\/1"}],"replies":[{"embeddable":true,"href":"https:\/\/nsrfatima.archimadrid.es\/index.php?rest_route=%2Fwp%2Fv2%2Fcomments&post=68"}],"version-history":[{"count":25,"href":"https:\/\/nsrfatima.archimadrid.es\/index.php?rest_route=\/wp\/v2\/pages\/68\/revisions"}],"predecessor-version":[{"id":5251,"href":"https:\/\/nsrfatima.archimadrid.es\/index.php?rest_route=\/wp\/v2\/pages\/68\/revisions\/5251"}],"wp:attachment":[{"href":"https:\/\/nsrfatima.archimadrid.es\/index.php?rest_route=%2Fwp%2Fv2%2Fmedia&parent=68"}],"curies":[{"name":"wp","href":"https:\/\/api.w.org\/{rel}","templated":true}]}}