{"id":70,"date":"2020-11-20T12:44:34","date_gmt":"2020-11-20T12:44:34","guid":{"rendered":"https:\/\/nsrfatima.archimadrid.es\/?page_id=70"},"modified":"2024-11-26T13:10:27","modified_gmt":"2024-11-26T13:10:27","slug":"accion-catolica","status":"publish","type":"page","link":"https:\/\/nsrfatima.archimadrid.es\/?page_id=70","title":{"rendered":"Acci\u00f3n cat\u00f3lica"},"content":{"rendered":"<p>[et_pb_section fb_built=\u00bb1&#8243; fullwidth=\u00bbon\u00bb _builder_version=\u00bb4.27.3&#8243; _module_preset=\u00bbdefault\u00bb global_colors_info=\u00bb{}\u00bb][et_pb_fullwidth_image src=\u00bbhttps:\/\/nsrfatima.archimadrid.es\/wp-content\/uploads\/2024\/11\/Camino-Neocatecumenal-3.png\u00bb title_text=\u00bbCamino Neocatecumenal (3)\u00bb _builder_version=\u00bb4.27.3&#8243; _module_preset=\u00bbdefault\u00bb global_colors_info=\u00bb{}\u00bb][\/et_pb_fullwidth_image][\/et_pb_section][et_pb_section fb_built=\u00bb1&#8243; _builder_version=\u00bb4.27.3&#8243; _module_preset=\u00bbdefault\u00bb background_color=\u00bb#f8b48f\u00bb custom_padding=\u00bb45px||45px|||\u00bb global_colors_info=\u00bb{}\u00bb][et_pb_row _builder_version=\u00bb4.27.4&#8243; _module_preset=\u00bbdefault\u00bb hover_enabled=\u00bb0&#8243; global_colors_info=\u00bb{}\u00bb animation_style=\u00bbfade\u00bb sticky_enabled=\u00bb0&#8243;][et_pb_column type=\u00bb4_4&#8243; _builder_version=\u00bb4.27.3&#8243; _module_preset=\u00bbdefault\u00bb global_colors_info=\u00bb{}\u00bb][et_pb_text _builder_version=\u00bb4.27.3&#8243; _module_preset=\u00bbdefault\u00bb global_colors_info=\u00bb{}\u00bb]<\/p>\n<h1 style=\"text-align: center;\"><span style=\"color: #000000;\">La Acci\u00f3n Cat\u00f3lica General es una\u00a0asociaci\u00f3n laical creada por la propia Iglesia\u00a0para la evangelizaci\u00f3n de las personas y de las realidades en las que est\u00e1 inmersa la parroquia.<\/span><\/h1>\n<p>[\/et_pb_text][\/et_pb_column][\/et_pb_row][\/et_pb_section][et_pb_section fb_built=\u00bb1&#8243; specialty=\u00bbon\u00bb _builder_version=\u00bb4.27.3&#8243; _module_preset=\u00bbdefault\u00bb custom_padding=\u00bb5px|||||\u00bb global_colors_info=\u00bb{}\u00bb][et_pb_column type=\u00bb3_4&#8243; specialty_columns=\u00bb3&#8243; _builder_version=\u00bb4.16&#8243; custom_padding=\u00bb|||\u00bb global_colors_info=\u00bb{}\u00bb custom_padding__hover=\u00bb|||\u00bb][et_pb_row_inner _builder_version=\u00bb4.27.4&#8243; _module_preset=\u00bbdefault\u00bb hover_enabled=\u00bb0&#8243; global_colors_info=\u00bb{}\u00bb animation_style=\u00bbbounce\u00bb animation_direction=\u00bbleft\u00bb sticky_enabled=\u00bb0&#8243;][et_pb_column_inner saved_specialty_column_type=\u00bb3_4&#8243; _builder_version=\u00bb4.27.3&#8243; _module_preset=\u00bbdefault\u00bb global_colors_info=\u00bb{}\u00bb][et_pb_text _builder_version=\u00bb4.27.3&#8243; _module_preset=\u00bbdefault\u00bb global_colors_info=\u00bb{}\u00bb]<\/p>\n<p style=\"text-align: justify;\"><span style=\"color: #000000;\">La Acci\u00f3n Cat\u00f3lica nace con la vocaci\u00f3n de ayudar en la misi\u00f3n de anunciar a Jesucristo a todas las personas, de colaborar en la maduraci\u00f3n de la fe cristiana de aquellos que dan sus primeros pasos en la Iglesia, de establecer en la parroquia una propuesta estable de apostolado asociado para que la acci\u00f3n evangelizadora de los laicos sea m\u00e1s eficaz y se realice en un clima de comuni\u00f3n y celo apost\u00f3lico. Una propuesta para todos los cristianos de nuestra comunidad parroquial que llama a personas de todas las edades, lo que permite proponer un proyecto de pastoral integral y la corresponsabilidad de todos, sea cual sea su edad y condici\u00f3n.<\/span><\/p>\n<p style=\"text-align: justify;\"><span style=\"color: #000000;\">Garantiza un proceso vital, que puede comenzar con el primer anuncio de la fe y durar\u00e1 toda la vida del creyente. Un camino sin interrupciones, que propicia la continuidad de los grupos parroquiales aun cuando se pase de una etapa a otra, lo cual supone un gran gozo: padres, hijos, e incluso, abuelos que crecen y se desarrollan dentro de un mismo proceso de fe, compartiendo sus vivencias de fe y vinculaci\u00f3n parroquial.<\/span><\/p>\n<p style=\"text-align: justify;\"><span style=\"color: #000000;\">Actualmente, en la parroquia existen dos grupos, uno de veteranos\u00a0y otro de adultos, que nos reunimos semanalmente para revisar nuestra vida a la luz del Evangelio y del Magisterio de la Iglesia y colaboramos en la pastoral parroquial, especialmente en la celebraci\u00f3n de la \u00abCena del hambre\u00bb y del \u00abD\u00eda del Apostolado seglar\u00bb.<\/span><\/p>\n<p>[\/et_pb_text][\/et_pb_column_inner][\/et_pb_row_inner][\/et_pb_column][et_pb_column type=\u00bb1_4&#8243; _builder_version=\u00bb4.16&#8243; custom_padding=\u00bb|||\u00bb global_colors_info=\u00bb{}\u00bb custom_padding__hover=\u00bb|||\u00bb][et_pb_text _builder_version=\u00bb4.27.4&#8243; _module_preset=\u00bbdefault\u00bb hover_enabled=\u00bb0&#8243; global_colors_info=\u00bb{}\u00bb animation_style=\u00bbbounce\u00bb animation_direction=\u00bbright\u00bb sticky_enabled=\u00bb0&#8243;]<\/p>\n<p><img loading=\"lazy\" decoding=\"async\" width=\"945\" height=\"892\" src=\"https:\/\/nsrfatima.archimadrid.es\/wp-content\/uploads\/2020\/11\/logoACG.png\" alt=\"\" class=\"wp-image-377\" srcset=\"https:\/\/nsrfatima.archimadrid.es\/wp-content\/uploads\/2020\/11\/logoACG.png 945w, https:\/\/nsrfatima.archimadrid.es\/wp-content\/uploads\/2020\/11\/logoACG-300x283.png 300w, https:\/\/nsrfatima.archimadrid.es\/wp-content\/uploads\/2020\/11\/logoACG-768x725.png 768w, https:\/\/nsrfatima.archimadrid.es\/wp-content\/uploads\/2020\/11\/logoACG-64x60.png 64w\" sizes=\"(max-width: 945px) 100vw, 945px\" \/><\/p>\n<p>[\/et_pb_text][\/et_pb_column][\/et_pb_section]<\/p>\n","protected":false},"excerpt":{"rendered":"<p>La Acci\u00f3n Cat\u00f3lica General es una\u00a0asociaci\u00f3n laical creada por la propia Iglesia\u00a0para la evangelizaci\u00f3n de las personas y de las realidades en las que est\u00e1 inmersa la parroquia.La Acci\u00f3n Cat\u00f3lica nace con la vocaci\u00f3n de ayudar en la misi\u00f3n de anunciar a Jesucristo a todas las personas, de colaborar en la maduraci\u00f3n de la fe [&hellip;]<\/p>\n","protected":false},"author":1,"featured_media":0,"parent":0,"menu_order":0,"comment_status":"closed","ping_status":"closed","template":"","meta":{"_et_pb_use_builder":"on","_et_pb_old_content":"<!-- wp:paragraph -->\n<p><\/p>\n<!-- \/wp:paragraph -->\n\n<!-- wp:paragraph -->\n<p>La Acci\u00f3n Cat\u00f3lica General es una&nbsp;asociaci\u00f3n laical creada por la propia Iglesia&nbsp;para la evangelizaci\u00f3n de las personas y de las realidades en las que est\u00e1 inmersa la parroquia.<\/p>\n<!-- \/wp:paragraph -->\n\n<!-- wp:media-text {\"mediaPosition\":\"right\",\"mediaId\":377,\"mediaLink\":\"https:\/\/nsrfatima.archimadrid.es\/?attachment_id=377\",\"mediaType\":\"image\",\"mediaWidth\":16} -->\n<div class=\"wp-block-media-text alignwide has-media-on-the-right is-stacked-on-mobile\" style=\"grid-template-columns:auto 16%\"><figure class=\"wp-block-media-text__media\"><img src=\"https:\/\/nsrfatima.archimadrid.es\/wp-content\/uploads\/2020\/11\/logoACG.png\" alt=\"\" class=\"wp-image-377\"\/><\/figure><div class=\"wp-block-media-text__content\"><!-- wp:paragraph {\"placeholder\":\"Contenido\u2026\"} -->\n<p>La Acci\u00f3n Cat\u00f3lica nace con la vocaci\u00f3n de ayudar en la misi\u00f3n de anunciar a Jesucristo a todas las personas, de colaborar en la maduraci\u00f3n de la fe cristiana de aquellos que dan sus primeros pasos en la Iglesia, de establecer en la parroquia una propuesta estable de apostolado asociado para que la acci\u00f3n evangelizadora de los laicos sea m\u00e1s eficaz y se realice en un clima de comuni\u00f3n y celo apost\u00f3lico. Una propuesta para todos los cristianos de nuestra comunidad parroquial que llama a personas de todas las edades, lo que permite proponer un proyecto de pastoral integral y la corresponsabilidad de todos, sea cual sea su edad y condici\u00f3n.<\/p>\n<!-- \/wp:paragraph --><\/div><\/div>\n<!-- \/wp:media-text -->\n\n<!-- wp:paragraph -->\n<p>Garantiza un proceso vital, que puede comenzar con el primer anuncio de la fe y durar\u00e1 toda la vida del creyente. Un camino sin interrupciones, que propicia la continuidad de los grupos parroquiales aun cuando se pase de una etapa a otra, lo cual supone un gran gozo: padres, hijos, e incluso, abuelos que crecen y se desarrollan dentro de un mismo proceso de fe, compartiendo sus vivencias de fe y vinculaci\u00f3n parroquial.<\/p>\n<!-- \/wp:paragraph -->\n\n<!-- wp:paragraph -->\n<p>Actualmente, en la parroquia existen dos grupos, uno de veteranos&nbsp;y otro de adultos, que nos reunimos semanalmente para revisar nuestra vida a la luz del Evangelio y del Magisterio de la Iglesia y colaboramos en la pastoral parroquial, especialmente en la celebraci\u00f3n de la <em>\"Cena del hambre\"<\/em> y del <em>\"D\u00eda del Apostolado seglar\"<\/em>.<\/p>\n<!-- \/wp:paragraph -->","_et_gb_content_width":"","footnotes":""},"class_list":["post-70","page","type-page","status-publish","hentry"],"yoast_head":"<!-- This site is optimized with the Yoast SEO plugin v27.4 - https:\/\/yoast.com\/product\/yoast-seo-wordpress\/ -->\n<title>Acci\u00f3n cat\u00f3lica - Parroquia Nuestra Se\u00f1ora del Rosario de F\u00e1tima<\/title>\n<meta name=\"robots\" content=\"index, follow, max-snippet:-1, max-image-preview:large, max-video-preview:-1\" \/>\n<link rel=\"canonical\" href=\"https:\/\/nsrfatima.archimadrid.es\/?page_id=70\" \/>\n<meta property=\"og:locale\" content=\"es_ES\" \/>\n<meta property=\"og:type\" content=\"article\" \/>\n<meta property=\"og:title\" content=\"Acci\u00f3n cat\u00f3lica - Parroquia Nuestra Se\u00f1ora del Rosario de F\u00e1tima\" \/>\n<meta property=\"og:description\" content=\"La Acci\u00f3n Cat\u00f3lica General es una\u00a0asociaci\u00f3n laical creada por la propia Iglesia\u00a0para la evangelizaci\u00f3n de las personas y de las realidades en las que est\u00e1 inmersa la parroquia.La Acci\u00f3n Cat\u00f3lica nace con la vocaci\u00f3n de ayudar en la misi\u00f3n de anunciar a Jesucristo a todas las personas, de colaborar en la maduraci\u00f3n de la fe [&hellip;]\" \/>\n<meta property=\"og:url\" content=\"https:\/\/nsrfatima.archimadrid.es\/?page_id=70\" \/>\n<meta property=\"og:site_name\" content=\"Parroquia Nuestra Se\u00f1ora del Rosario de F\u00e1tima\" \/>\n<meta property=\"article:modified_time\" content=\"2024-11-26T13:10:27+00:00\" \/>\n<meta property=\"og:image\" content=\"https:\/\/nsrfatima.archimadrid.es\/wp-content\/uploads\/2020\/11\/logoACG.png\" \/>\n<meta name=\"twitter:card\" content=\"summary_large_image\" \/>\n<meta name=\"twitter:label1\" content=\"Tiempo de lectura\" \/>\n\t<meta name=\"twitter:data1\" content=\"3 minutos\" \/>\n<script type=\"application\/ld+json\" class=\"yoast-schema-graph\">{\"@context\":\"https:\\\/\\\/schema.org\",\"@graph\":[{\"@type\":\"WebPage\",\"@id\":\"https:\\\/\\\/nsrfatima.archimadrid.es\\\/?page_id=70\",\"url\":\"https:\\\/\\\/nsrfatima.archimadrid.es\\\/?page_id=70\",\"name\":\"Acci\u00f3n cat\u00f3lica - Parroquia Nuestra Se\u00f1ora del Rosario de F\u00e1tima\",\"isPartOf\":{\"@id\":\"https:\\\/\\\/nsrfatima.archimadrid.es\\\/#website\"},\"primaryImageOfPage\":{\"@id\":\"https:\\\/\\\/nsrfatima.archimadrid.es\\\/?page_id=70#primaryimage\"},\"image\":{\"@id\":\"https:\\\/\\\/nsrfatima.archimadrid.es\\\/?page_id=70#primaryimage\"},\"thumbnailUrl\":\"https:\\\/\\\/nsrfatima.archimadrid.es\\\/wp-content\\\/uploads\\\/2020\\\/11\\\/logoACG.png\",\"datePublished\":\"2020-11-20T12:44:34+00:00\",\"dateModified\":\"2024-11-26T13:10:27+00:00\",\"breadcrumb\":{\"@id\":\"https:\\\/\\\/nsrfatima.archimadrid.es\\\/?page_id=70#breadcrumb\"},\"inLanguage\":\"es\",\"potentialAction\":[{\"@type\":\"ReadAction\",\"target\":[\"https:\\\/\\\/nsrfatima.archimadrid.es\\\/?page_id=70\"]}]},{\"@type\":\"ImageObject\",\"inLanguage\":\"es\",\"@id\":\"https:\\\/\\\/nsrfatima.archimadrid.es\\\/?page_id=70#primaryimage\",\"url\":\"https:\\\/\\\/nsrfatima.archimadrid.es\\\/wp-content\\\/uploads\\\/2020\\\/11\\\/logoACG.png\",\"contentUrl\":\"https:\\\/\\\/nsrfatima.archimadrid.es\\\/wp-content\\\/uploads\\\/2020\\\/11\\\/logoACG.png\",\"width\":945,\"height\":892},{\"@type\":\"BreadcrumbList\",\"@id\":\"https:\\\/\\\/nsrfatima.archimadrid.es\\\/?page_id=70#breadcrumb\",\"itemListElement\":[{\"@type\":\"ListItem\",\"position\":1,\"name\":\"Portada\",\"item\":\"https:\\\/\\\/nsrfatima.archimadrid.es\\\/\"},{\"@type\":\"ListItem\",\"position\":2,\"name\":\"Acci\u00f3n cat\u00f3lica\"}]},{\"@type\":\"WebSite\",\"@id\":\"https:\\\/\\\/nsrfatima.archimadrid.es\\\/#website\",\"url\":\"https:\\\/\\\/nsrfatima.archimadrid.es\\\/\",\"name\":\"Parroquia Nuestra Se\u00f1ora del Rosario de F\u00e1tima\",\"description\":\"Web de la parroquia de Nuestra Se\u00f1ora del Rosario de F\u00e1tima\",\"potentialAction\":[{\"@type\":\"SearchAction\",\"target\":{\"@type\":\"EntryPoint\",\"urlTemplate\":\"https:\\\/\\\/nsrfatima.archimadrid.es\\\/?s={search_term_string}\"},\"query-input\":{\"@type\":\"PropertyValueSpecification\",\"valueRequired\":true,\"valueName\":\"search_term_string\"}}],\"inLanguage\":\"es\"}]}<\/script>\n<!-- \/ Yoast SEO plugin. -->","yoast_head_json":{"title":"Acci\u00f3n cat\u00f3lica - Parroquia Nuestra Se\u00f1ora del Rosario de F\u00e1tima","robots":{"index":"index","follow":"follow","max-snippet":"max-snippet:-1","max-image-preview":"max-image-preview:large","max-video-preview":"max-video-preview:-1"},"canonical":"https:\/\/nsrfatima.archimadrid.es\/?page_id=70","og_locale":"es_ES","og_type":"article","og_title":"Acci\u00f3n cat\u00f3lica - Parroquia Nuestra Se\u00f1ora del Rosario de F\u00e1tima","og_description":"La Acci\u00f3n Cat\u00f3lica General es una\u00a0asociaci\u00f3n laical creada por la propia Iglesia\u00a0para la evangelizaci\u00f3n de las personas y de las realidades en las que est\u00e1 inmersa la parroquia.La Acci\u00f3n Cat\u00f3lica nace con la vocaci\u00f3n de ayudar en la misi\u00f3n de anunciar a Jesucristo a todas las personas, de colaborar en la maduraci\u00f3n de la fe [&hellip;]","og_url":"https:\/\/nsrfatima.archimadrid.es\/?page_id=70","og_site_name":"Parroquia Nuestra Se\u00f1ora del Rosario de F\u00e1tima","article_modified_time":"2024-11-26T13:10:27+00:00","og_image":[{"url":"https:\/\/nsrfatima.archimadrid.es\/wp-content\/uploads\/2020\/11\/logoACG.png","type":"","width":"","height":""}],"twitter_card":"summary_large_image","twitter_misc":{"Tiempo de lectura":"3 minutos"},"schema":{"@context":"https:\/\/schema.org","@graph":[{"@type":"WebPage","@id":"https:\/\/nsrfatima.archimadrid.es\/?page_id=70","url":"https:\/\/nsrfatima.archimadrid.es\/?page_id=70","name":"Acci\u00f3n cat\u00f3lica - Parroquia Nuestra Se\u00f1ora del Rosario de F\u00e1tima","isPartOf":{"@id":"https:\/\/nsrfatima.archimadrid.es\/#website"},"primaryImageOfPage":{"@id":"https:\/\/nsrfatima.archimadrid.es\/?page_id=70#primaryimage"},"image":{"@id":"https:\/\/nsrfatima.archimadrid.es\/?page_id=70#primaryimage"},"thumbnailUrl":"https:\/\/nsrfatima.archimadrid.es\/wp-content\/uploads\/2020\/11\/logoACG.png","datePublished":"2020-11-20T12:44:34+00:00","dateModified":"2024-11-26T13:10:27+00:00","breadcrumb":{"@id":"https:\/\/nsrfatima.archimadrid.es\/?page_id=70#breadcrumb"},"inLanguage":"es","potentialAction":[{"@type":"ReadAction","target":["https:\/\/nsrfatima.archimadrid.es\/?page_id=70"]}]},{"@type":"ImageObject","inLanguage":"es","@id":"https:\/\/nsrfatima.archimadrid.es\/?page_id=70#primaryimage","url":"https:\/\/nsrfatima.archimadrid.es\/wp-content\/uploads\/2020\/11\/logoACG.png","contentUrl":"https:\/\/nsrfatima.archimadrid.es\/wp-content\/uploads\/2020\/11\/logoACG.png","width":945,"height":892},{"@type":"BreadcrumbList","@id":"https:\/\/nsrfatima.archimadrid.es\/?page_id=70#breadcrumb","itemListElement":[{"@type":"ListItem","position":1,"name":"Portada","item":"https:\/\/nsrfatima.archimadrid.es\/"},{"@type":"ListItem","position":2,"name":"Acci\u00f3n cat\u00f3lica"}]},{"@type":"WebSite","@id":"https:\/\/nsrfatima.archimadrid.es\/#website","url":"https:\/\/nsrfatima.archimadrid.es\/","name":"Parroquia Nuestra Se\u00f1ora del Rosario de F\u00e1tima","description":"Web de la parroquia de Nuestra Se\u00f1ora del Rosario de F\u00e1tima","potentialAction":[{"@type":"SearchAction","target":{"@type":"EntryPoint","urlTemplate":"https:\/\/nsrfatima.archimadrid.es\/?s={search_term_string}"},"query-input":{"@type":"PropertyValueSpecification","valueRequired":true,"valueName":"search_term_string"}}],"inLanguage":"es"}]}},"_links":{"self":[{"href":"https:\/\/nsrfatima.archimadrid.es\/index.php?rest_route=\/wp\/v2\/pages\/70","targetHints":{"allow":["GET"]}}],"collection":[{"href":"https:\/\/nsrfatima.archimadrid.es\/index.php?rest_route=\/wp\/v2\/pages"}],"about":[{"href":"https:\/\/nsrfatima.archimadrid.es\/index.php?rest_route=\/wp\/v2\/types\/page"}],"author":[{"embeddable":true,"href":"https:\/\/nsrfatima.archimadrid.es\/index.php?rest_route=\/wp\/v2\/users\/1"}],"replies":[{"embeddable":true,"href":"https:\/\/nsrfatima.archimadrid.es\/index.php?rest_route=%2Fwp%2Fv2%2Fcomments&post=70"}],"version-history":[{"count":9,"href":"https:\/\/nsrfatima.archimadrid.es\/index.php?rest_route=\/wp\/v2\/pages\/70\/revisions"}],"predecessor-version":[{"id":5252,"href":"https:\/\/nsrfatima.archimadrid.es\/index.php?rest_route=\/wp\/v2\/pages\/70\/revisions\/5252"}],"wp:attachment":[{"href":"https:\/\/nsrfatima.archimadrid.es\/index.php?rest_route=%2Fwp%2Fv2%2Fmedia&parent=70"}],"curies":[{"name":"wp","href":"https:\/\/api.w.org\/{rel}","templated":true}]}}