{"id":72,"date":"2020-11-20T12:44:49","date_gmt":"2020-11-20T12:44:49","guid":{"rendered":"https:\/\/nsrfatima.archimadrid.es\/?page_id=72"},"modified":"2024-11-26T13:11:20","modified_gmt":"2024-11-26T13:11:20","slug":"legion-de-maria","status":"publish","type":"page","link":"https:\/\/nsrfatima.archimadrid.es\/?page_id=72","title":{"rendered":"Legi\u00f3n de Mar\u00eda"},"content":{"rendered":"<p>[et_pb_section fb_built=\u00bb1&#8243; fullwidth=\u00bbon\u00bb _builder_version=\u00bb4.27.3&#8243; _module_preset=\u00bbdefault\u00bb global_colors_info=\u00bb{}\u00bb][et_pb_fullwidth_image src=\u00bbhttps:\/\/nsrfatima.archimadrid.es\/wp-content\/uploads\/2024\/11\/Camino-Neocatecumenal-7.png\u00bb title_text=\u00bbCamino Neocatecumenal (7)\u00bb _builder_version=\u00bb4.27.3&#8243; _module_preset=\u00bbdefault\u00bb global_colors_info=\u00bb{}\u00bb][\/et_pb_fullwidth_image][\/et_pb_section][et_pb_section fb_built=\u00bb1&#8243; _builder_version=\u00bb4.27.4&#8243; _module_preset=\u00bbdefault\u00bb custom_padding=\u00bb||7px|||\u00bb hover_enabled=\u00bb0&#8243; global_colors_info=\u00bb{}\u00bb animation_style=\u00bbfold\u00bb animation_direction=\u00bbtop\u00bb sticky_enabled=\u00bb0&#8243;][et_pb_row _builder_version=\u00bb4.27.3&#8243; _module_preset=\u00bbdefault\u00bb global_colors_info=\u00bb{}\u00bb][et_pb_column type=\u00bb4_4&#8243; _builder_version=\u00bb4.27.3&#8243; _module_preset=\u00bbdefault\u00bb global_colors_info=\u00bb{}\u00bb][et_pb_text _builder_version=\u00bb4.27.3&#8243; _module_preset=\u00bbdefault\u00bb global_colors_info=\u00bb{}\u00bb]<\/p>\n<h1 style=\"text-align: center;\">\u00ab\u00bfQui\u00e9n es Esta, que va subiendo cual aurora naciente, bella como la luna, brillante como el sol, terrible como un ej\u00e9rcito formado en batalla?\u00bb<\/h1>\n<p>[\/et_pb_text][\/et_pb_column][\/et_pb_row][\/et_pb_section][et_pb_section fb_built=\u00bb1&#8243; _builder_version=\u00bb4.27.4&#8243; _module_preset=\u00bbdefault\u00bb custom_padding=\u00bb6px|||||\u00bb hover_enabled=\u00bb0&#8243; global_colors_info=\u00bb{}\u00bb animation_style=\u00bbfold\u00bb animation_direction=\u00bbbottom\u00bb sticky_enabled=\u00bb0&#8243;][et_pb_row column_structure=\u00bb1_3,1_3,1_3&#8243; _builder_version=\u00bb4.27.3&#8243; _module_preset=\u00bbdefault\u00bb global_colors_info=\u00bb{}\u00bb][et_pb_column type=\u00bb1_3&#8243; _builder_version=\u00bb4.27.3&#8243; _module_preset=\u00bbdefault\u00bb global_colors_info=\u00bb{}\u00bb][et_pb_text _builder_version=\u00bb4.27.3&#8243; _module_preset=\u00bbdefault\u00bb global_colors_info=\u00bb{}\u00bb]<\/p>\n<p style=\"text-align: justify;\"><span style=\"color: #000000;\">La Legi\u00f3n de Mar\u00eda es un movimiento cat\u00f3lico internacional formado por seglares implicados activamente en el apostolado directo, formando un ej\u00e9rcito movido por un ideal: el conocimiento del puesto trascendental que ocupa la Sant\u00edsima Virgen Mar\u00eda junto a su Divino Hijo en el plan de salvaci\u00f3n de Dios Padre. Es por ello que en la Legi\u00f3n tenemos una fe ciega en la victoria.<\/span><\/p>\n<p>[\/et_pb_text][\/et_pb_column][et_pb_column type=\u00bb1_3&#8243; _builder_version=\u00bb4.27.3&#8243; _module_preset=\u00bbdefault\u00bb global_colors_info=\u00bb{}\u00bb][et_pb_text _builder_version=\u00bb4.27.3&#8243; _module_preset=\u00bbdefault\u00bb global_colors_info=\u00bb{}\u00bb]<\/p>\n<p><img loading=\"lazy\" decoding=\"async\" width=\"1024\" height=\"608\" src=\"https:\/\/nsrfatima.archimadrid.es\/wp-content\/uploads\/2021\/03\/Cartel-Legion-1024x608.png\" alt=\"\" class=\"wp-image-1397\" srcset=\"https:\/\/nsrfatima.archimadrid.es\/wp-content\/uploads\/2021\/03\/Cartel-Legion-1024x608.png 1024w, https:\/\/nsrfatima.archimadrid.es\/wp-content\/uploads\/2021\/03\/Cartel-Legion-300x178.png 300w, https:\/\/nsrfatima.archimadrid.es\/wp-content\/uploads\/2021\/03\/Cartel-Legion-768x456.png 768w, https:\/\/nsrfatima.archimadrid.es\/wp-content\/uploads\/2021\/03\/Cartel-Legion-1536x912.png 1536w, https:\/\/nsrfatima.archimadrid.es\/wp-content\/uploads\/2021\/03\/Cartel-Legion-101x60.png 101w, https:\/\/nsrfatima.archimadrid.es\/wp-content\/uploads\/2021\/03\/Cartel-Legion.png 1895w\" sizes=\"(max-width: 1024px) 100vw, 1024px\" \/><\/p>\n<p>[\/et_pb_text][\/et_pb_column][et_pb_column type=\u00bb1_3&#8243; _builder_version=\u00bb4.27.3&#8243; _module_preset=\u00bbdefault\u00bb global_colors_info=\u00bb{}\u00bb][et_pb_text _builder_version=\u00bb4.27.3&#8243; _module_preset=\u00bbdefault\u00bb global_colors_info=\u00bb{}\u00bb]<\/p>\n<p style=\"text-align: justify;\"><span style=\"color: #000000;\">Su fundamento: ser levadura en el mundo, difundiendo con sencillez el Evangelio, al estilo de Mar\u00eda.<\/span><\/p>\n<p style=\"text-align: justify;\"><span style=\"color: #000000;\">En nuestra Parroquia, esta realidad est\u00e1 presente desde hace ya bastantes a\u00f1os. Nos reunimos semanalmente en oraci\u00f3n, recibimos formaci\u00f3n cristiana y programamos acciones apost\u00f3licas \u00fatiles a la Parroquia y a la Iglesia:<\/span><\/p>\n<p>[\/et_pb_text][\/et_pb_column][\/et_pb_row][\/et_pb_section]<\/p>\n","protected":false},"excerpt":{"rendered":"<p>\u00ab\u00bfQui\u00e9n es Esta, que va subiendo cual aurora naciente, bella como la luna, brillante como el sol, terrible como un ej\u00e9rcito formado en batalla?\u00bbLa Legi\u00f3n de Mar\u00eda es un movimiento cat\u00f3lico internacional formado por seglares implicados activamente en el apostolado directo, formando un ej\u00e9rcito movido por un ideal: el conocimiento del puesto trascendental que ocupa [&hellip;]<\/p>\n","protected":false},"author":1,"featured_media":0,"parent":0,"menu_order":0,"comment_status":"closed","ping_status":"closed","template":"","meta":{"_et_pb_use_builder":"on","_et_pb_old_content":"<!-- wp:image {\"align\":\"center\",\"id\":1397,\"sizeSlug\":\"large\",\"linkDestination\":\"none\"} -->\n<div class=\"wp-block-image\"><figure class=\"aligncenter size-large\"><img src=\"https:\/\/nsrfatima.archimadrid.es\/wp-content\/uploads\/2021\/03\/Cartel-Legion-1024x608.png\" alt=\"\" class=\"wp-image-1397\"\/><\/figure><\/div>\n<!-- \/wp:image -->\n\n<!-- wp:heading {\"textAlign\":\"center\",\"level\":3} -->\n<h3 class=\"has-text-align-center\"><em>\"\u00bfQui\u00e9n es Esta, que va subiendo cual aurora naciente, bella como la luna, brillante como el sol, terrible como un ej\u00e9rcito formado en batalla?\"<\/em> <sub><sup>(Ct 6, 10)<\/sup><\/sub><\/h3>\n<!-- \/wp:heading -->\n\n<!-- wp:heading {\"textAlign\":\"center\",\"level\":3} -->\n<h3 class=\"has-text-align-center\"><em>\"Y el nombre de la Virgen era Mar\u00eda\"<\/em> <sub><sup>(Lc 1, 27)<\/sup><\/sub><\/h3>\n<!-- \/wp:heading -->\n\n<!-- wp:paragraph -->\n<p>La Legi\u00f3n de Mar\u00eda es un movimiento cat\u00f3lico internacional formado por seglares implicados activamente en el apostolado directo, formando un ej\u00e9rcito movido por un ideal: el conocimiento del puesto trascendental que ocupa la Sant\u00edsima Virgen Mar\u00eda junto a su Divino Hijo en el plan de salvaci\u00f3n de Dios Padre. Es por ello que en la Legi\u00f3n tenemos una fe ciega en la victoria.<\/p>\n<!-- \/wp:paragraph -->\n\n<!-- wp:media-text {\"align\":\"full\",\"mediaPosition\":\"right\",\"mediaId\":1395,\"mediaLink\":\"https:\/\/nsrfatima.archimadrid.es\/?attachment_id=1395\",\"mediaType\":\"image\",\"mediaWidth\":27,\"mediaSizeSlug\":\"thumbnail\",\"verticalAlignment\":\"center\",\"imageFill\":true} -->\n<div class=\"wp-block-media-text alignfull has-media-on-the-right is-stacked-on-mobile is-vertically-aligned-center is-image-fill\" style=\"grid-template-columns:auto 27%\"><figure class=\"wp-block-media-text__media\" style=\"background-image:url(https:\/\/nsrfatima.archimadrid.es\/wp-content\/uploads\/2021\/03\/Frank_Duff-150x150.png);background-position:50% 50%\"><img src=\"https:\/\/nsrfatima.archimadrid.es\/wp-content\/uploads\/2021\/03\/Frank_Duff-150x150.png\" alt=\"\" class=\"wp-image-1395 size-thumbnail\"\/><\/figure><div class=\"wp-block-media-text__content\"><!-- wp:paragraph {\"placeholder\":\"Contenido\u2026\",\"fontSize\":\"normal\"} -->\n<p class=\"has-normal-font-size\">La Legi\u00f3n de Mar\u00eda fue fundada en Dubl\u00edn (Irlanda), en el a\u00f1o 1921, por Frank Duff, un laico cat\u00f3lico cuya m\u00e1xima preocupaci\u00f3n fue atraer la atenci\u00f3n sobre el papel de los laicos en el Concilio Vaticano II y la futura Legi\u00f3n de Mar\u00eda. A los 27 a\u00f1os, Duff public\u00f3 su primer panfleto, titulado <em>\"\u00bfPodemos ser Santos?\"<\/em>, en el cual expres\u00f3 su convicci\u00f3n de que todos sin excepci\u00f3n son llamados a ser santos, y que a trav\u00e9s de la fe cristiana todas las personas tienen disponibles los medios necesarios para alcanzar tal santidad. Duff conoci\u00f3 el <em>\"Tratado de la verdadera devoci\u00f3n a la Sant\u00edsima Virgen\"<\/em>, de San Luis Mar\u00eda Grignion de Montfort, algo que le marc\u00f3 profundamente sobre la importancia de la Virgen Mar\u00eda en la vida de los laicos.<\/p>\n<!-- \/wp:paragraph --><\/div><\/div>\n<!-- \/wp:media-text -->\n\n<!-- wp:paragraph -->\n<p>El 8 de septiembre de 1921, Duff reuni\u00f3 a un grupo de quince personas que buscaban ser \u00fatiles a la Iglesia y a los m\u00e1s desfavorecidos y alejados de la sociedad, con el objetivo de lograr el crecimiento espiritual de sus miembros y el avance del reino de Cristo por medio de Mar\u00eda. Actualmente, este movimiento mariano de seglares cat\u00f3licos est\u00e1 presente en numerosos pa\u00edses.<\/p>\n<!-- \/wp:paragraph -->\n\n<!-- wp:heading {\"level\":3} -->\n<h3>Su fundamento: <span style=\"text-decoration: underline;\">ser levadura en el mundo, difundiendo con sencillez el Evangelio, al estilo de Mar\u00eda<\/span>.<\/h3>\n<!-- \/wp:heading -->\n\n<!-- wp:paragraph -->\n<p>En nuestra Parroquia, esta realidad est\u00e1 presente desde hace ya bastantes a\u00f1os. Nos reunimos semanalmente en oraci\u00f3n, recibimos formaci\u00f3n cristiana y programamos acciones apost\u00f3licas \u00fatiles a la Parroquia y a la Iglesia:<\/p>\n<!-- \/wp:paragraph -->\n\n<!-- wp:media-text {\"mediaId\":1398,\"mediaLink\":\"https:\/\/nsrfatima.archimadrid.es\/?attachment_id=1398\",\"mediaType\":\"image\",\"mediaWidth\":15,\"mediaSizeSlug\":\"full\",\"verticalAlignment\":\"center\",\"imageFill\":false} -->\n<div class=\"wp-block-media-text alignwide is-stacked-on-mobile is-vertically-aligned-center\" style=\"grid-template-columns:15% auto\"><figure class=\"wp-block-media-text__media\"><img src=\"https:\/\/nsrfatima.archimadrid.es\/wp-content\/uploads\/2021\/03\/Legion-de-Maria-2.png\" alt=\"\" class=\"wp-image-1398 size-full\"\/><\/figure><div class=\"wp-block-media-text__content\"><!-- wp:list -->\n<ul><li>La participaci\u00f3n en la catequesis de ni\u00f1os, j\u00f3venes y adultos.<\/li><li>El di\u00e1logo sobre la fe con la gente por la calle.<\/li><li>Acci\u00f3n en lugares de prostituci\u00f3n, drogas, c\u00e1rcel, etc.<\/li><li>Atenci\u00f3n a los m\u00e1s ancianos, enfermos, marginados, etc.<\/li><li>Inter\u00e9s por las familias del barrio.<\/li><li>Visitas a los enfermos.<\/li><li>Promoci\u00f3n de una mayor implicaci\u00f3n cristiana.<\/li><\/ul>\n<!-- \/wp:list --><\/div><\/div>\n<!-- \/wp:media-text -->\n\n<!-- wp:heading {\"textAlign\":\"center\"} -->\n<h2 class=\"has-text-align-center\">\u00a1VEN Y VER\u00c1S! <\/h2>\n<!-- \/wp:heading -->\n\n<!-- wp:paragraph {\"align\":\"center\"} -->\n<p class=\"has-text-align-center\"><em>Pregunta en la Sacrist\u00eda de la Parroquia para mayor informaci\u00f3n sobre nosotros.<\/em><\/p>\n<!-- \/wp:paragraph -->","_et_gb_content_width":"","footnotes":""},"class_list":["post-72","page","type-page","status-publish","hentry"],"yoast_head":"<!-- This site is optimized with the Yoast SEO plugin v27.4 - https:\/\/yoast.com\/product\/yoast-seo-wordpress\/ -->\n<title>Legi\u00f3n de Mar\u00eda - Parroquia Nuestra Se\u00f1ora del Rosario de F\u00e1tima<\/title>\n<meta name=\"robots\" content=\"index, follow, max-snippet:-1, max-image-preview:large, max-video-preview:-1\" \/>\n<link rel=\"canonical\" href=\"https:\/\/nsrfatima.archimadrid.es\/?page_id=72\" \/>\n<meta property=\"og:locale\" content=\"es_ES\" \/>\n<meta property=\"og:type\" content=\"article\" \/>\n<meta property=\"og:title\" content=\"Legi\u00f3n de Mar\u00eda - Parroquia Nuestra Se\u00f1ora del Rosario de F\u00e1tima\" \/>\n<meta property=\"og:description\" content=\"&quot;\u00bfQui\u00e9n es Esta, que va subiendo cual aurora naciente, bella como la luna, brillante como el sol, terrible como un ej\u00e9rcito formado en batalla?&quot;La Legi\u00f3n de Mar\u00eda es un movimiento cat\u00f3lico internacional formado por seglares implicados activamente en el apostolado directo, formando un ej\u00e9rcito movido por un ideal: el conocimiento del puesto trascendental que ocupa [&hellip;]\" \/>\n<meta property=\"og:url\" content=\"https:\/\/nsrfatima.archimadrid.es\/?page_id=72\" \/>\n<meta property=\"og:site_name\" content=\"Parroquia Nuestra Se\u00f1ora del Rosario de F\u00e1tima\" \/>\n<meta property=\"article:modified_time\" content=\"2024-11-26T13:11:20+00:00\" \/>\n<meta property=\"og:image\" content=\"https:\/\/nsrfatima.archimadrid.es\/wp-content\/uploads\/2021\/03\/Cartel-Legion-1024x608.png\" \/>\n<meta name=\"twitter:card\" content=\"summary_large_image\" \/>\n<meta name=\"twitter:label1\" content=\"Tiempo de lectura\" \/>\n\t<meta name=\"twitter:data1\" content=\"2 minutos\" \/>\n<script type=\"application\/ld+json\" class=\"yoast-schema-graph\">{\"@context\":\"https:\\\/\\\/schema.org\",\"@graph\":[{\"@type\":\"WebPage\",\"@id\":\"https:\\\/\\\/nsrfatima.archimadrid.es\\\/?page_id=72\",\"url\":\"https:\\\/\\\/nsrfatima.archimadrid.es\\\/?page_id=72\",\"name\":\"Legi\u00f3n de Mar\u00eda - Parroquia Nuestra Se\u00f1ora del Rosario de F\u00e1tima\",\"isPartOf\":{\"@id\":\"https:\\\/\\\/nsrfatima.archimadrid.es\\\/#website\"},\"primaryImageOfPage\":{\"@id\":\"https:\\\/\\\/nsrfatima.archimadrid.es\\\/?page_id=72#primaryimage\"},\"image\":{\"@id\":\"https:\\\/\\\/nsrfatima.archimadrid.es\\\/?page_id=72#primaryimage\"},\"thumbnailUrl\":\"https:\\\/\\\/nsrfatima.archimadrid.es\\\/wp-content\\\/uploads\\\/2021\\\/03\\\/Cartel-Legion-1024x608.png\",\"datePublished\":\"2020-11-20T12:44:49+00:00\",\"dateModified\":\"2024-11-26T13:11:20+00:00\",\"breadcrumb\":{\"@id\":\"https:\\\/\\\/nsrfatima.archimadrid.es\\\/?page_id=72#breadcrumb\"},\"inLanguage\":\"es\",\"potentialAction\":[{\"@type\":\"ReadAction\",\"target\":[\"https:\\\/\\\/nsrfatima.archimadrid.es\\\/?page_id=72\"]}]},{\"@type\":\"ImageObject\",\"inLanguage\":\"es\",\"@id\":\"https:\\\/\\\/nsrfatima.archimadrid.es\\\/?page_id=72#primaryimage\",\"url\":\"https:\\\/\\\/nsrfatima.archimadrid.es\\\/wp-content\\\/uploads\\\/2021\\\/03\\\/Cartel-Legion.png\",\"contentUrl\":\"https:\\\/\\\/nsrfatima.archimadrid.es\\\/wp-content\\\/uploads\\\/2021\\\/03\\\/Cartel-Legion.png\",\"width\":1895,\"height\":1125},{\"@type\":\"BreadcrumbList\",\"@id\":\"https:\\\/\\\/nsrfatima.archimadrid.es\\\/?page_id=72#breadcrumb\",\"itemListElement\":[{\"@type\":\"ListItem\",\"position\":1,\"name\":\"Portada\",\"item\":\"https:\\\/\\\/nsrfatima.archimadrid.es\\\/\"},{\"@type\":\"ListItem\",\"position\":2,\"name\":\"Legi\u00f3n de Mar\u00eda\"}]},{\"@type\":\"WebSite\",\"@id\":\"https:\\\/\\\/nsrfatima.archimadrid.es\\\/#website\",\"url\":\"https:\\\/\\\/nsrfatima.archimadrid.es\\\/\",\"name\":\"Parroquia Nuestra Se\u00f1ora del Rosario de F\u00e1tima\",\"description\":\"Web de la parroquia de Nuestra Se\u00f1ora del Rosario de F\u00e1tima\",\"potentialAction\":[{\"@type\":\"SearchAction\",\"target\":{\"@type\":\"EntryPoint\",\"urlTemplate\":\"https:\\\/\\\/nsrfatima.archimadrid.es\\\/?s={search_term_string}\"},\"query-input\":{\"@type\":\"PropertyValueSpecification\",\"valueRequired\":true,\"valueName\":\"search_term_string\"}}],\"inLanguage\":\"es\"}]}<\/script>\n<!-- \/ Yoast SEO plugin. -->","yoast_head_json":{"title":"Legi\u00f3n de Mar\u00eda - Parroquia Nuestra Se\u00f1ora del Rosario de F\u00e1tima","robots":{"index":"index","follow":"follow","max-snippet":"max-snippet:-1","max-image-preview":"max-image-preview:large","max-video-preview":"max-video-preview:-1"},"canonical":"https:\/\/nsrfatima.archimadrid.es\/?page_id=72","og_locale":"es_ES","og_type":"article","og_title":"Legi\u00f3n de Mar\u00eda - Parroquia Nuestra Se\u00f1ora del Rosario de F\u00e1tima","og_description":"\"\u00bfQui\u00e9n es Esta, que va subiendo cual aurora naciente, bella como la luna, brillante como el sol, terrible como un ej\u00e9rcito formado en batalla?\"La Legi\u00f3n de Mar\u00eda es un movimiento cat\u00f3lico internacional formado por seglares implicados activamente en el apostolado directo, formando un ej\u00e9rcito movido por un ideal: el conocimiento del puesto trascendental que ocupa [&hellip;]","og_url":"https:\/\/nsrfatima.archimadrid.es\/?page_id=72","og_site_name":"Parroquia Nuestra Se\u00f1ora del Rosario de F\u00e1tima","article_modified_time":"2024-11-26T13:11:20+00:00","og_image":[{"url":"https:\/\/nsrfatima.archimadrid.es\/wp-content\/uploads\/2021\/03\/Cartel-Legion-1024x608.png","type":"","width":"","height":""}],"twitter_card":"summary_large_image","twitter_misc":{"Tiempo de lectura":"2 minutos"},"schema":{"@context":"https:\/\/schema.org","@graph":[{"@type":"WebPage","@id":"https:\/\/nsrfatima.archimadrid.es\/?page_id=72","url":"https:\/\/nsrfatima.archimadrid.es\/?page_id=72","name":"Legi\u00f3n de Mar\u00eda - Parroquia Nuestra Se\u00f1ora del Rosario de F\u00e1tima","isPartOf":{"@id":"https:\/\/nsrfatima.archimadrid.es\/#website"},"primaryImageOfPage":{"@id":"https:\/\/nsrfatima.archimadrid.es\/?page_id=72#primaryimage"},"image":{"@id":"https:\/\/nsrfatima.archimadrid.es\/?page_id=72#primaryimage"},"thumbnailUrl":"https:\/\/nsrfatima.archimadrid.es\/wp-content\/uploads\/2021\/03\/Cartel-Legion-1024x608.png","datePublished":"2020-11-20T12:44:49+00:00","dateModified":"2024-11-26T13:11:20+00:00","breadcrumb":{"@id":"https:\/\/nsrfatima.archimadrid.es\/?page_id=72#breadcrumb"},"inLanguage":"es","potentialAction":[{"@type":"ReadAction","target":["https:\/\/nsrfatima.archimadrid.es\/?page_id=72"]}]},{"@type":"ImageObject","inLanguage":"es","@id":"https:\/\/nsrfatima.archimadrid.es\/?page_id=72#primaryimage","url":"https:\/\/nsrfatima.archimadrid.es\/wp-content\/uploads\/2021\/03\/Cartel-Legion.png","contentUrl":"https:\/\/nsrfatima.archimadrid.es\/wp-content\/uploads\/2021\/03\/Cartel-Legion.png","width":1895,"height":1125},{"@type":"BreadcrumbList","@id":"https:\/\/nsrfatima.archimadrid.es\/?page_id=72#breadcrumb","itemListElement":[{"@type":"ListItem","position":1,"name":"Portada","item":"https:\/\/nsrfatima.archimadrid.es\/"},{"@type":"ListItem","position":2,"name":"Legi\u00f3n de Mar\u00eda"}]},{"@type":"WebSite","@id":"https:\/\/nsrfatima.archimadrid.es\/#website","url":"https:\/\/nsrfatima.archimadrid.es\/","name":"Parroquia Nuestra Se\u00f1ora del Rosario de F\u00e1tima","description":"Web de la parroquia de Nuestra Se\u00f1ora del Rosario de F\u00e1tima","potentialAction":[{"@type":"SearchAction","target":{"@type":"EntryPoint","urlTemplate":"https:\/\/nsrfatima.archimadrid.es\/?s={search_term_string}"},"query-input":{"@type":"PropertyValueSpecification","valueRequired":true,"valueName":"search_term_string"}}],"inLanguage":"es"}]}},"_links":{"self":[{"href":"https:\/\/nsrfatima.archimadrid.es\/index.php?rest_route=\/wp\/v2\/pages\/72","targetHints":{"allow":["GET"]}}],"collection":[{"href":"https:\/\/nsrfatima.archimadrid.es\/index.php?rest_route=\/wp\/v2\/pages"}],"about":[{"href":"https:\/\/nsrfatima.archimadrid.es\/index.php?rest_route=\/wp\/v2\/types\/page"}],"author":[{"embeddable":true,"href":"https:\/\/nsrfatima.archimadrid.es\/index.php?rest_route=\/wp\/v2\/users\/1"}],"replies":[{"embeddable":true,"href":"https:\/\/nsrfatima.archimadrid.es\/index.php?rest_route=%2Fwp%2Fv2%2Fcomments&post=72"}],"version-history":[{"count":12,"href":"https:\/\/nsrfatima.archimadrid.es\/index.php?rest_route=\/wp\/v2\/pages\/72\/revisions"}],"predecessor-version":[{"id":5253,"href":"https:\/\/nsrfatima.archimadrid.es\/index.php?rest_route=\/wp\/v2\/pages\/72\/revisions\/5253"}],"wp:attachment":[{"href":"https:\/\/nsrfatima.archimadrid.es\/index.php?rest_route=%2Fwp%2Fv2%2Fmedia&parent=72"}],"curies":[{"name":"wp","href":"https:\/\/api.w.org\/{rel}","templated":true}]}}